{"id":848,"date":"2024-06-20T15:16:32","date_gmt":"2024-06-20T15:16:32","guid":{"rendered":"https:\/\/www.restaurant-thalesbrest.fr\/?page_id=848"},"modified":"2024-06-21T07:55:55","modified_gmt":"2024-06-21T07:55:55","slug":"elementor-848","status":"publish","type":"page","link":"https:\/\/www.restaurant-thalesbrest.fr\/index.php\/elementor-848\/","title":{"rendered":"Des Thermos et th\u00e9i\u00e8res manquent \u00e0 l&rsquo;appel !"},"content":{"rendered":"\t\t<div data-elementor-type=\"wp-page\" data-elementor-id=\"848\" class=\"elementor elementor-848\">\n\t\t\t\t<div class=\"elementor-element elementor-element-8fbe197 e-flex e-con-boxed e-con e-parent\" data-id=\"8fbe197\" data-element_type=\"container\">\n\t\t\t\t\t<div class=\"e-con-inner\">\n\t\t\t\t<div class=\"elementor-element elementor-element-012dc38 elementor-widget elementor-widget-heading\" data-id=\"012dc38\" data-element_type=\"widget\" data-widget_type=\"heading.default\">\n\t\t\t\t<div class=\"elementor-widget-container\">\n\t\t\t<h2 class=\"elementor-heading-title elementor-size-default\">Thermos de caf\u00e9 et Th\u00e9i\u00e8res<\/h2>\t\t<\/div>\n\t\t\t\t<\/div>\n\t\t\t\t\t<\/div>\n\t\t\t\t<\/div>\n\t\t<div class=\"elementor-element elementor-element-f067d2f e-con-full e-flex e-con e-parent\" data-id=\"f067d2f\" data-element_type=\"container\">\n\t\t\t\t<div class=\"elementor-element elementor-element-0235dc7 elementor-widget__width-initial elementor-widget elementor-widget-text-editor\" data-id=\"0235dc7\" data-element_type=\"widget\" data-widget_type=\"text-editor.default\">\n\t\t\t\t<div class=\"elementor-widget-container\">\n\t\t\t\t\t\t\t<p><span style=\"font-size: 12px;\">Publi\u00e9 le 20 juin 2024<\/span><\/p>\t\t\t\t\t\t<\/div>\n\t\t\t\t<\/div>\n\t\t\t\t<div class=\"elementor-element elementor-element-0c58e44 elementor-widget__width-initial elementor-widget elementor-widget-text-editor\" data-id=\"0c58e44\" data-element_type=\"widget\" data-widget_type=\"text-editor.default\">\n\t\t\t\t<div class=\"elementor-widget-container\">\n\t\t\t\t\t\t\t<header class=\"page-header\"><div class=\"container\"><h2 class=\"page-title\" style=\"text-align: left;\"><span style=\"font-family: Roboto; font-size: 24px;\">Des thermos de caf\u00e9 et th\u00e9i\u00e8res manquent \u00e0 l\u2019appel&#8230;<\/span><\/h2><\/div><\/header>\t\t\t\t\t\t<\/div>\n\t\t\t\t<\/div>\n\t\t\t\t<\/div>\n\t\t<div class=\"elementor-element elementor-element-1b36e02 e-flex e-con-boxed e-con e-parent\" data-id=\"1b36e02\" data-element_type=\"container\">\n\t\t\t\t\t<div class=\"e-con-inner\">\n\t\t<div class=\"elementor-element elementor-element-edf4ec9 e-con-full e-flex e-con e-child\" data-id=\"edf4ec9\" data-element_type=\"container\">\n\t\t\t\t<div class=\"elementor-element elementor-element-5069b49 elementor-widget elementor-widget-image\" data-id=\"5069b49\" data-element_type=\"widget\" data-widget_type=\"image.default\">\n\t\t\t\t<div class=\"elementor-widget-container\">\n\t\t\t\t\t\t\t\t\t\t\t\t\t<img decoding=\"async\" width=\"189\" height=\"252\" src=\"https:\/\/www.restaurant-thalesbrest.fr\/wp-content\/uploads\/2024\/06\/Theiere.jpg\" class=\"attachment-large size-large wp-image-867\" alt=\"\" srcset=\"https:\/\/www.restaurant-thalesbrest.fr\/wp-content\/uploads\/2024\/06\/Theiere.jpg 189w, https:\/\/www.restaurant-thalesbrest.fr\/wp-content\/uploads\/2024\/06\/Theiere-45x60.jpg 45w\" sizes=\"(max-width: 189px) 100vw, 189px\" \/>\t\t\t\t\t\t\t\t\t\t\t\t\t<\/div>\n\t\t\t\t<\/div>\n\t\t\t\t<\/div>\n\t\t<div class=\"elementor-element elementor-element-568a242 e-con-full e-flex e-con e-child\" data-id=\"568a242\" data-element_type=\"container\">\n\t\t\t\t<div class=\"elementor-element elementor-element-f2cbcea elementor-widget elementor-widget-image\" data-id=\"f2cbcea\" data-element_type=\"widget\" data-widget_type=\"image.default\">\n\t\t\t\t<div class=\"elementor-widget-container\">\n\t\t\t\t\t\t\t\t\t\t\t\t\t<img decoding=\"async\" width=\"189\" height=\"252\" src=\"https:\/\/www.restaurant-thalesbrest.fr\/wp-content\/uploads\/2024\/06\/Thermos.jpg\" class=\"attachment-large size-large wp-image-866\" alt=\"\" srcset=\"https:\/\/www.restaurant-thalesbrest.fr\/wp-content\/uploads\/2024\/06\/Thermos.jpg 189w, https:\/\/www.restaurant-thalesbrest.fr\/wp-content\/uploads\/2024\/06\/Thermos-45x60.jpg 45w\" sizes=\"(max-width: 189px) 100vw, 189px\" \/>\t\t\t\t\t\t\t\t\t\t\t\t\t<\/div>\n\t\t\t\t<\/div>\n\t\t\t\t<\/div>\n\t\t<div class=\"elementor-element elementor-element-ab7842b e-con-full e-flex e-con e-child\" data-id=\"ab7842b\" data-element_type=\"container\">\n\t\t\t\t<div class=\"elementor-element elementor-element-f612a11 elementor-widget elementor-widget-text-editor\" data-id=\"f612a11\" data-element_type=\"widget\" data-widget_type=\"text-editor.default\">\n\t\t\t\t<div class=\"elementor-widget-container\">\n\t\t\t\t\t\t\t<p><span style=\"font-size: 16px;\">Les salari\u00e9s API Restauration ne retrouvent plus que 14 th\u00e9i\u00e8res sur 30.<\/span><br \/><span style=\"font-size: 16px;\">Ce nombre est encore en diminution depuis le point du 29 novembre dernier.<\/span><\/p><p><span style=\"font-size: 16px;\">Des <strong>vols<\/strong> et de la <strong>n\u00e9gligence<\/strong> sont constat\u00e9s sur ces mat\u00e9riels. <br \/>API Restauration devra les refacturer si cela se r\u00e9p\u00e8te.<\/span><\/p>\t\t\t\t\t\t<\/div>\n\t\t\t\t<\/div>\n\t\t\t\t<\/div>\n\t\t\t\t\t<\/div>\n\t\t\t\t<\/div>\n\t\t<div class=\"elementor-element elementor-element-3bcd9bd e-con-full e-flex e-con e-parent\" data-id=\"3bcd9bd\" data-element_type=\"container\">\n\t\t\t\t<div class=\"elementor-element elementor-element-74fad48 elementor-widget elementor-widget-text-editor\" data-id=\"74fad48\" data-element_type=\"widget\" data-widget_type=\"text-editor.default\">\n\t\t\t\t<div class=\"elementor-widget-container\">\n\t\t\t\t\t\t\t<p class=\"page-title\" style=\"text-align: left;\"><span style=\"font-size: 16px; font-family: Roboto;\"><strong>API Restauration, le CSE et la direction du site vous demandent de respecter ou de faire respecter les principes suivants :<\/strong><\/span><\/p><ul><li><span style=\"font-size: 16px;\">Les thermos de caf\u00e9 et th\u00e9i\u00e8re API Restauration doivent retrouver le chemin de l\u2019office.<\/span><\/li><li><span style=\"font-size: 16px;\">Les caisses bleues doivent \u00eatre sorties des zones s\u00e9curis\u00e9es apr\u00e8s utilisation.<\/span><\/li><li><span style=\"font-size: 16px;\">Les caisses bleues ne doivent pas \u00eatre mise \u00e0 la d\u00e9chetterie.<\/span><\/li><li><span style=\"font-size: 16px;\">Les jus d\u2019orange sont \u00e0 consommer rapidement apr\u00e8s ouverture (24h). Il est ensuite recommand\u00e9 de les jeter.<\/span><\/li><\/ul>\t\t\t\t\t\t<\/div>\n\t\t\t\t<\/div>\n\t\t\t\t<\/div>\n\t\t<div class=\"elementor-element elementor-element-9157a4a e-flex e-con-boxed e-con e-parent\" data-id=\"9157a4a\" data-element_type=\"container\">\n\t\t\t\t\t<div class=\"e-con-inner\">\n\t\t\t\t<div class=\"elementor-element elementor-element-4d6f7df elementor-widget elementor-widget-spacer\" data-id=\"4d6f7df\" data-element_type=\"widget\" data-widget_type=\"spacer.default\">\n\t\t\t\t<div class=\"elementor-widget-container\">\n\t\t\t\t\t<div class=\"elementor-spacer\">\n\t\t\t<div class=\"elementor-spacer-inner\"><\/div>\n\t\t<\/div>\n\t\t\t\t<\/div>\n\t\t\t\t<\/div>\n\t\t\t\t\t<\/div>\n\t\t\t\t<\/div>\n\t\t\t\t<\/div>\n\t\t","protected":false},"excerpt":{"rendered":"<p>Thermos de caf\u00e9 et Th\u00e9i\u00e8res Publi\u00e9 le 20 juin 2024 Des thermos de caf\u00e9 et th\u00e9i\u00e8res manquent \u00e0 l\u2019appel&#8230; Les salari\u00e9s API Restauration ne retrouvent plus que 14 th\u00e9i\u00e8res sur 30.Ce nombre est encore en diminution depuis le point du 29 novembre dernier. Des vols et de la n\u00e9gligence sont constat\u00e9s sur ces mat\u00e9riels. API&hellip; <\/p>\n<div class=\"readmore-wrapper\"><a href=\"https:\/\/www.restaurant-thalesbrest.fr\/index.php\/elementor-848\/\" class=\"more-link\">Read <\/a><\/div>\n","protected":false},"author":1,"featured_media":0,"parent":0,"menu_order":0,"comment_status":"closed","ping_status":"closed","template":"","meta":{"footnotes":""},"class_list":["post-848","page","type-page","status-publish","hentry"],"_links":{"self":[{"href":"https:\/\/www.restaurant-thalesbrest.fr\/index.php\/wp-json\/wp\/v2\/pages\/848","targetHints":{"allow":["GET"]}}],"collection":[{"href":"https:\/\/www.restaurant-thalesbrest.fr\/index.php\/wp-json\/wp\/v2\/pages"}],"about":[{"href":"https:\/\/www.restaurant-thalesbrest.fr\/index.php\/wp-json\/wp\/v2\/types\/page"}],"author":[{"embeddable":true,"href":"https:\/\/www.restaurant-thalesbrest.fr\/index.php\/wp-json\/wp\/v2\/users\/1"}],"replies":[{"embeddable":true,"href":"https:\/\/www.restaurant-thalesbrest.fr\/index.php\/wp-json\/wp\/v2\/comments?post=848"}],"version-history":[{"count":54,"href":"https:\/\/www.restaurant-thalesbrest.fr\/index.php\/wp-json\/wp\/v2\/pages\/848\/revisions"}],"predecessor-version":[{"id":907,"href":"https:\/\/www.restaurant-thalesbrest.fr\/index.php\/wp-json\/wp\/v2\/pages\/848\/revisions\/907"}],"wp:attachment":[{"href":"https:\/\/www.restaurant-thalesbrest.fr\/index.php\/wp-json\/wp\/v2\/media?parent=848"}],"curies":[{"name":"wp","href":"https:\/\/api.w.org\/{rel}","templated":true}]}}