{"id":8,"date":"2023-12-20T13:43:56","date_gmt":"2023-12-20T13:43:56","guid":{"rendered":"https:\/\/www.restaurant-thalesbrest.fr\/?page_id=8"},"modified":"2026-02-10T06:57:15","modified_gmt":"2026-02-10T06:57:15","slug":"membres-de-la-commission-restaurant","status":"publish","type":"page","link":"https:\/\/www.restaurant-thalesbrest.fr\/index.php\/membres-de-la-commission-restaurant\/","title":{"rendered":"Commission restaurant"},"content":{"rendered":"\t\t<div data-elementor-type=\"wp-page\" data-elementor-id=\"8\" class=\"elementor elementor-8\">\n\t\t\t\t<div class=\"elementor-element elementor-element-fecbc5e e-flex e-con-boxed e-con e-parent\" data-id=\"fecbc5e\" data-element_type=\"container\">\n\t\t\t\t\t<div class=\"e-con-inner\">\n\t\t\t\t<div class=\"elementor-element elementor-element-01a4579 elementor-widget elementor-widget-spacer\" data-id=\"01a4579\" data-element_type=\"widget\" data-widget_type=\"spacer.default\">\n\t\t\t\t<div class=\"elementor-widget-container\">\n\t\t\t\t\t<div class=\"elementor-spacer\">\n\t\t\t<div class=\"elementor-spacer-inner\"><\/div>\n\t\t<\/div>\n\t\t\t\t<\/div>\n\t\t\t\t<\/div>\n\t\t\t\t\t<\/div>\n\t\t\t\t<\/div>\n\t\t<div class=\"elementor-element elementor-element-c891d10 e-flex e-con-boxed e-con e-parent\" data-id=\"c891d10\" data-element_type=\"container\">\n\t\t\t\t\t<div class=\"e-con-inner\">\n\t\t\t\t<div class=\"elementor-element elementor-element-5596524 elementor-widget elementor-widget-heading\" data-id=\"5596524\" data-element_type=\"widget\" data-widget_type=\"heading.default\">\n\t\t\t\t<div class=\"elementor-widget-container\">\n\t\t\t<h2 class=\"elementor-heading-title elementor-size-default\">Le fonctionnement de la commission<\/h2>\t\t<\/div>\n\t\t\t\t<\/div>\n\t\t\t\t<div class=\"elementor-element elementor-element-f971307 elementor-widget elementor-widget-text-editor\" data-id=\"f971307\" data-element_type=\"widget\" data-widget_type=\"text-editor.default\">\n\t\t\t\t<div class=\"elementor-widget-container\">\n\t\t\t\t\t\t\t<p style=\"text-align: left;\"><span style=\"font-size: 16px; font-family: arial, helvetica, sans-serif;\">Le CSE dispose du monopole des activit\u00e9s sociales, culturelles et sportives. La gestion de la restauration d\u2019entreprise en fait partie. La commission restaurant est constitu\u00e9e de 7 membres. Soit un membre par Organisation Syndicale repr\u00e9sentative et le secr\u00e9taire du CSE. Le reliquat de membre est distribu\u00e9, par Organisation Syndicale repr\u00e9sentative, selon le rang des r\u00e9sultats obtenus au 1er tour des \u00e9lections du CSE.<\/span><\/p><p><span style=\"font-size: 16px; font-family: arial, helvetica, sans-serif;\"><strong>Les r\u00f4les de la commission Restaurant\u00a0:<\/strong><\/span><\/p><ul><li><span style=\"font-size: 16px; font-family: arial, helvetica, sans-serif;\">Elaborer le cahier des charges, piloter l\u2019appel d\u2019offre et choisir le prestataire du Restaurant avec le Bureau du CSE.<\/span><\/li><li><span style=\"font-size: 16px; font-family: arial, helvetica, sans-serif;\">Veiller \u00e0 la qualit\u00e9 des prestations et des repas et au respect du contrat.<\/span><\/li><li><span style=\"font-size: 16px; font-family: arial, helvetica, sans-serif;\">Veiller \u00e0 la satisfaction des convives.<\/span><\/li><li><span style=\"font-size: 16px; font-family: arial, helvetica, sans-serif;\">Alerter le CSE et son Bureau sur les dysfonctionnements \u00e9ventuels et proposer des actions correctives.<\/span><\/li><li><span style=\"font-size: 16px; font-family: arial, helvetica, sans-serif;\">Reporter au bureau du CSE des \u00e9ventuels \u00e9carts par rapport au contrat (exemple : hausses de prix sur la part \u00ab denr\u00e9es \u00bb).<\/span><\/li><li><span style=\"font-size: 16px; font-family: arial, helvetica, sans-serif;\">Aider et conseiller les \u00e9lus du CSE dans leur prise de d\u00e9cision concernant la restauration. Exemple\u00a0: la strat\u00e9gie d\u2019achats mise en oeuvre (reconduction \u00e9ventuelle du contrat avec le prestataire en place et\/ou du lancement d\u2019un appels d\u2019offres \u00e0 l\u2019issu du contrat),<\/span><\/li><\/ul><p><span style=\"font-size: 16px; font-family: arial, helvetica, sans-serif;\">La commission et le Bureau du CSE peuvent faire appel aux services d\u2019un cabinet sp\u00e9cialis\u00e9 pour les aider dans leurs missions. Conform\u00e9ment \u00e0 l\u2019accord d\u2019\u00e9tablissement du 28 juin 2019, la commission se r\u00e9unit au moins 4 fois par an, les membres de la commission b\u00e9n\u00e9ficient d\u2019un cr\u00e9dit annuel de 30 heures (hors temps de r\u00e9union pl\u00e9ni\u00e8re). Un membre titulaire ou suppl\u00e9ant au CSE est d\u00e9sign\u00e9 comme rapporteur de la commission.<\/span><\/p>\t\t\t\t\t\t<\/div>\n\t\t\t\t<\/div>\n\t\t\t\t\t<\/div>\n\t\t\t\t<\/div>\n\t\t<div class=\"elementor-element elementor-element-53bdba20 e-flex e-con-boxed e-con e-parent\" data-id=\"53bdba20\" data-element_type=\"container\">\n\t\t\t\t\t<div class=\"e-con-inner\">\n\t\t\t\t<div class=\"elementor-element elementor-element-fc8ceee elementor-widget elementor-widget-heading\" data-id=\"fc8ceee\" data-element_type=\"widget\" data-widget_type=\"heading.default\">\n\t\t\t\t<div class=\"elementor-widget-container\">\n\t\t\t<h2 class=\"elementor-heading-title elementor-size-default\">Les membres de la commission<\/h2>\t\t<\/div>\n\t\t\t\t<\/div>\n\t\t\t\t<div class=\"elementor-element elementor-element-644d4647 elementor-widget elementor-widget-text-editor\" data-id=\"644d4647\" data-element_type=\"widget\" data-widget_type=\"text-editor.default\">\n\t\t\t\t<div class=\"elementor-widget-container\">\n\t\t\t\t\t\t\t<p><span style=\"font-family: arial, helvetica, sans-serif;\">Fabienne CALARNOU, Pierig CREIGNOU, Marie DENES, David HERVOUET (secr\u00e9taire du CSE), Yannick LE GLAS, Frederic LE GUENNEC, Laure NICOLAS, Mathieu TONIAZZI.<\/span><\/p>\t\t\t\t\t\t<\/div>\n\t\t\t\t<\/div>\n\t\t\t\t\t<\/div>\n\t\t\t\t<\/div>\n\t\t<div class=\"elementor-element elementor-element-7a31690 e-flex e-con-boxed e-con e-parent\" data-id=\"7a31690\" data-element_type=\"container\">\n\t\t\t\t\t<div class=\"e-con-inner\">\n\t\t\t\t<div class=\"elementor-element elementor-element-bf8c561 elementor-widget elementor-widget-text-editor\" data-id=\"bf8c561\" data-element_type=\"widget\" data-widget_type=\"text-editor.default\">\n\t\t\t\t<div class=\"elementor-widget-container\">\n\t\t\t\t\t\t\t<ul><li><span style=\"font-family: arial, helvetica, sans-serif; color: #000000; font-size: 16px;\"><span style=\"text-decoration: underline;\"><a style=\"color: #000000; text-decoration: underline;\" href=\"https:\/\/ma-cantine.agriculture.gouv.fr\/nos-cantines\/134214--Restaurant%20CSE%20THALES%20DMS%20BREST\/\" target=\"_blank\" rel=\"noopener\">R\u00e9sultats de la transition alimentaire<\/a><\/span> du restaurant<\/span><\/li><li><span style=\"font-family: arial, helvetica, sans-serif; color: #000000; font-size: 16px;\"><span style=\"font-family: arial, helvetica, sans-serif;\"><span style=\"text-decoration: underline;\"><a style=\"color: #000000; text-decoration: underline;\" href=\"https:\/\/www.restaurant-thalesbrest.fr\/wp-content\/uploads\/2024\/12\/Resultat-Enquete-de-satisfaction-API-THALES-OCT-2024-1.pdf\" target=\"_blank\" rel=\"noopener\">R\u00e9sultats de l&rsquo;enqu\u00eate de satisfaction<\/a><\/span><\/span><span style=\"font-family: arial, helvetica, sans-serif;\"> d&rsquo;octobre 2024<\/span><\/span><\/li><\/ul><p><span style=\"font-size: 16px;\"><span style=\"font-family: arial, helvetica, sans-serif;\"><span style=\"color: #339966;\"><strong><span style=\"font-size: 18px;\">Audit du restaurant :<\/span> <\/strong><\/span><\/span><\/span><\/p><ul><li><span style=\"text-decoration: underline; color: #000000;\"><span style=\"font-family: arial, helvetica, sans-serif; font-size: 16px;\"><a style=\"color: #000000; text-decoration: underline;\" href=\"https:\/\/www.restaurant-thalesbrest.fr\/wp-content\/uploads\/2026\/02\/Rapport-audit-Thales-Brest-09-2025.pdf\">Septembre 2025 : Rapport audit<\/a><\/span><\/span><\/li><li><span style=\"font-size: 16px;\"><span style=\"font-family: arial, helvetica, sans-serif;\"><span style=\"text-decoration: underline;\"><span style=\"color: #000000; text-decoration: underline;\"><a style=\"color: #000000; text-decoration: underline;\" href=\"https:\/\/www.restaurant-thalesbrest.fr\/wp-content\/uploads\/2025\/06\/Rapport-audit-Thales-Brest-04-20252_compressed.pdf\" target=\"_blank\" rel=\"noopener\">Avril 2025 : Rapport audit<\/a><\/span><\/span><br \/><\/span><\/span><\/li><li><span style=\"font-size: 16px;\"><span style=\"text-decoration: underline; font-family: arial, helvetica, sans-serif; color: #000000;\"><a style=\"color: #000000;\" href=\"https:\/\/www.restaurant-thalesbrest.fr\/wp-content\/uploads\/2025\/03\/Rapport-audit-Thales-Brest-01-2025.pdf\" target=\"_blank\" rel=\"noopener\">Janvier 2025<\/a><a style=\"color: #000000;\" href=\"https:\/\/www.restaurant-thalesbrest.fr\/wp-content\/uploads\/2025\/03\/Rapport-audit-Thales-Brest-01-2025.pdf\" target=\"_blank\" rel=\"noopener\"> : Rapport audit<\/a><\/span><\/span><\/li><li><span style=\"font-size: 16px;\"><span style=\"text-decoration: underline; font-family: arial, helvetica, sans-serif; color: #000000;\">Octobre 2024 : Rapport audit<br \/><\/span><\/span><\/li><\/ul>\t\t\t\t\t\t<\/div>\n\t\t\t\t<\/div>\n\t\t\t\t<div class=\"elementor-element elementor-element-9082adb elementor-widget elementor-widget-text-editor\" data-id=\"9082adb\" data-element_type=\"widget\" data-widget_type=\"text-editor.default\">\n\t\t\t\t<div class=\"elementor-widget-container\">\n\t\t\t\t\t\t\t<p><strong><span style=\"font-family: arial, helvetica, sans-serif; color: #339966;\">Comptes rendus de la commission :<\/span><\/strong><\/p>\n<ul>\n<li><span style=\"text-decoration: underline; font-family: arial, helvetica, sans-serif;\"><span style=\"color: #000000;\"><a style=\"color: #000000; text-decoration: underline;\" href=\"https:\/\/www.restaurant-thalesbrest.fr\/wp-content\/uploads\/2025\/10\/04485_CR-du-26_06_2025.pdf\">26_06_2025_CR_Commission_Restaurant<\/a><\/span><\/span><\/li>\n<li><span style=\"text-decoration: underline; font-family: arial, helvetica, sans-serif;\"><span style=\"color: #000000;\"><a style=\"color: #000000; text-decoration: underline;\" href=\"https:\/\/www.restaurant-thalesbrest.fr\/wp-content\/uploads\/2025\/03\/06_03_2025_CR_Commission_restaurant.pdf\" target=\"_blank\" rel=\"noopener\">06_03_2025_CR_Commission_Restaurant<\/a><\/span><\/span><\/li>\n<li><span style=\"text-decoration: underline; font-family: arial, helvetica, sans-serif;\"><span style=\"color: #000000;\"><a style=\"color: #000000; text-decoration: underline;\" href=\"https:\/\/www.restaurant-thalesbrest.fr\/wp-content\/uploads\/2024\/12\/CR-04485-THALES-BREST-30_10_2024_.pdf\" target=\"_blank\" rel=\"noopener\">30_10_2024_CR_Commission_Restaurant<\/a><\/span><\/span><\/li>\n<li><span style=\"text-decoration: underline; font-family: arial, helvetica, sans-serif;\"><span style=\"color: #000000; text-decoration: underline;\"><a style=\"color: #000000; text-decoration: underline;\" href=\"https:\/\/www.restaurant-thalesbrest.fr\/wp-content\/uploads\/2024\/09\/CR-04485-THALES-BREST-04_07_2024-.pdf\" target=\"_blank\" rel=\"noopener\">04_07_2024<\/a><\/span><span style=\"color: #000000; text-decoration: underline;\"><a style=\"color: #000000; text-decoration: underline;\" href=\"https:\/\/www.restaurant-thalesbrest.fr\/wp-content\/uploads\/2024\/09\/CR-04485-THALES-BREST-04_07_2024-.pdf\">_CR_C<\/a>ommission_Restaurant<\/span><br \/><\/span><\/li>\n<li><span style=\"text-decoration: underline; font-family: arial, helvetica, sans-serif;\"><span style=\"color: #000000;\"><a style=\"color: #000000; text-decoration: underline;\" href=\"https:\/\/www.restaurant-thalesbrest.fr\/wp-content\/uploads\/2024\/04\/04485-CR-COMM-RESTAU-23_02_2024.docx.pdf\" target=\"_blank\" rel=\"noopener\">23_02_2024_CR_Commission_Restaurant<\/a><\/span><\/span><\/li>\n<li><span style=\"text-decoration: underline; font-family: arial, helvetica, sans-serif;\"><span style=\"color: #000000;\"><a style=\"color: #000000; text-decoration: underline;\" href=\"https:\/\/www.restaurant-thalesbrest.fr\/wp-content\/uploads\/2024\/04\/04485-CRCM-17_10_2023-1.pdf\" target=\"_blank\" rel=\"noopener\">17_10_2023_CR_Commission_Restaurant<\/a><\/span><\/span><\/li>\n<\/ul>\t\t\t\t\t\t<\/div>\n\t\t\t\t<\/div>\n\t\t\t\t\t<\/div>\n\t\t\t\t<\/div>\n\t\t\t\t<\/div>\n\t\t","protected":false},"excerpt":{"rendered":"<p>Le fonctionnement de la commission Le CSE dispose du monopole des activit\u00e9s sociales, culturelles et sportives. La gestion de la restauration d\u2019entreprise en fait partie. La commission restaurant est constitu\u00e9e de 7 membres. Soit un membre par Organisation Syndicale repr\u00e9sentative et le secr\u00e9taire du CSE. Le reliquat de membre est distribu\u00e9, par Organisation Syndicale repr\u00e9sentative,&hellip; <\/p>\n<div class=\"readmore-wrapper\"><a href=\"https:\/\/www.restaurant-thalesbrest.fr\/index.php\/membres-de-la-commission-restaurant\/\" class=\"more-link\">Read <\/a><\/div>\n","protected":false},"author":1,"featured_media":0,"parent":0,"menu_order":0,"comment_status":"closed","ping_status":"closed","template":"elementor_header_footer","meta":{"footnotes":""},"class_list":["post-8","page","type-page","status-publish","hentry"],"_links":{"self":[{"href":"https:\/\/www.restaurant-thalesbrest.fr\/index.php\/wp-json\/wp\/v2\/pages\/8","targetHints":{"allow":["GET"]}}],"collection":[{"href":"https:\/\/www.restaurant-thalesbrest.fr\/index.php\/wp-json\/wp\/v2\/pages"}],"about":[{"href":"https:\/\/www.restaurant-thalesbrest.fr\/index.php\/wp-json\/wp\/v2\/types\/page"}],"author":[{"embeddable":true,"href":"https:\/\/www.restaurant-thalesbrest.fr\/index.php\/wp-json\/wp\/v2\/users\/1"}],"replies":[{"embeddable":true,"href":"https:\/\/www.restaurant-thalesbrest.fr\/index.php\/wp-json\/wp\/v2\/comments?post=8"}],"version-history":[{"count":138,"href":"https:\/\/www.restaurant-thalesbrest.fr\/index.php\/wp-json\/wp\/v2\/pages\/8\/revisions"}],"predecessor-version":[{"id":1413,"href":"https:\/\/www.restaurant-thalesbrest.fr\/index.php\/wp-json\/wp\/v2\/pages\/8\/revisions\/1413"}],"wp:attachment":[{"href":"https:\/\/www.restaurant-thalesbrest.fr\/index.php\/wp-json\/wp\/v2\/media?parent=8"}],"curies":[{"name":"wp","href":"https:\/\/api.w.org\/{rel}","templated":true}]}}