{"id":777,"date":"2024-04-11T13:12:48","date_gmt":"2024-04-11T13:12:48","guid":{"rendered":"https:\/\/www.restaurant-thalesbrest.fr\/?page_id=777"},"modified":"2024-06-03T07:11:28","modified_gmt":"2024-06-03T07:11:28","slug":"info-travaux","status":"publish","type":"page","link":"https:\/\/www.restaurant-thalesbrest.fr\/index.php\/info-travaux\/","title":{"rendered":"Info Travaux"},"content":{"rendered":"\t\t<div data-elementor-type=\"wp-page\" data-elementor-id=\"777\" class=\"elementor elementor-777\">\n\t\t\t\t<div class=\"elementor-element elementor-element-df0943a e-flex e-con-boxed e-con e-parent\" data-id=\"df0943a\" data-element_type=\"container\">\n\t\t\t\t\t<div class=\"e-con-inner\">\n\t\t\t\t<div class=\"elementor-element elementor-element-101d0ab elementor-widget elementor-widget-heading\" data-id=\"101d0ab\" data-element_type=\"widget\" data-widget_type=\"heading.default\">\n\t\t\t\t<div class=\"elementor-widget-container\">\n\t\t\t<h2 class=\"elementor-heading-title elementor-size-default\">Travaux apr\u00e8s la temp\u00eate CIARAN<\/h2>\t\t<\/div>\n\t\t\t\t<\/div>\n\t\t\t\t<div class=\"elementor-element elementor-element-e578cb2 elementor-widget elementor-widget-text-editor\" data-id=\"e578cb2\" data-element_type=\"widget\" data-widget_type=\"text-editor.default\">\n\t\t\t\t<div class=\"elementor-widget-container\">\n\t\t\t\t\t\t\t<p>La Temp\u00eate Ciaran n\u2019a pas \u00e9pargn\u00e9 les \u00e9quipements sur le toit du Restaurant d\u2019entreprise.<\/p><p>Les groupes froids ont souffert. Celui d\u00e9di\u00e9 \u00e0 la Cellule de refroidissement d\u2019un poids de 400kg a m\u00eame \u00e9t\u00e9 d\u00e9plac\u00e9 de plus d\u2019un m\u00e8tre. Les conduites des hottes de ventilation ont aussi \u00e9t\u00e9 arrach\u00e9es.<\/p><p>Depuis les \u00e9quipes se mobilisent pour remettre en place des nouveaux \u00e9quipements \u00e0 la place des anciens vieillissants. Ils restent encore \u00e0 faire quelques travaux pour que l\u2019\u00e9quipe en cuisine retrouve toute sa capacit\u00e9 de production.<\/p><p>On remercie les \u00e9quipes de Vinci, Pichon, ALT, Iroise ventilation et API Restauration pour leur r\u00e9silience devant la nature.<\/p>\t\t\t\t\t\t<\/div>\n\t\t\t\t<\/div>\n\t\t\t\t\t<\/div>\n\t\t\t\t<\/div>\n\t\t<div class=\"elementor-element elementor-element-022914d e-con-full e-flex e-con e-parent\" data-id=\"022914d\" data-element_type=\"container\">\n\t\t<div class=\"elementor-element elementor-element-1a718d3 e-con-full e-flex e-con e-child\" data-id=\"1a718d3\" data-element_type=\"container\">\n\t\t\t\t<div class=\"elementor-element elementor-element-94f3f4e elementor-widget__width-initial elementor-widget elementor-widget-image\" data-id=\"94f3f4e\" data-element_type=\"widget\" data-widget_type=\"image.default\">\n\t\t\t\t<div class=\"elementor-widget-container\">\n\t\t\t\t\t\t\t\t\t\t\t\t\t<img fetchpriority=\"high\" decoding=\"async\" width=\"576\" height=\"1024\" src=\"https:\/\/www.restaurant-thalesbrest.fr\/wp-content\/uploads\/2024\/06\/20231106_154545-576x1024.jpg\" class=\"attachment-large size-large wp-image-835\" alt=\"\" srcset=\"https:\/\/www.restaurant-thalesbrest.fr\/wp-content\/uploads\/2024\/06\/20231106_154545-576x1024.jpg 576w, https:\/\/www.restaurant-thalesbrest.fr\/wp-content\/uploads\/2024\/06\/20231106_154545-169x300.jpg 169w, https:\/\/www.restaurant-thalesbrest.fr\/wp-content\/uploads\/2024\/06\/20231106_154545-768x1365.jpg 768w, https:\/\/www.restaurant-thalesbrest.fr\/wp-content\/uploads\/2024\/06\/20231106_154545-864x1536.jpg 864w, https:\/\/www.restaurant-thalesbrest.fr\/wp-content\/uploads\/2024\/06\/20231106_154545-34x60.jpg 34w, https:\/\/www.restaurant-thalesbrest.fr\/wp-content\/uploads\/2024\/06\/20231106_154545-rotated.jpg 1152w\" sizes=\"(max-width: 576px) 100vw, 576px\" \/>\t\t\t\t\t\t\t\t\t\t\t\t\t<\/div>\n\t\t\t\t<\/div>\n\t\t\t\t<\/div>\n\t\t<div class=\"elementor-element elementor-element-20d32c7 e-con-full e-flex e-con e-child\" data-id=\"20d32c7\" data-element_type=\"container\">\n\t\t<div class=\"elementor-element elementor-element-7b55868 e-flex e-con-boxed e-con e-child\" data-id=\"7b55868\" data-element_type=\"container\">\n\t\t\t\t\t<div class=\"e-con-inner\">\n\t\t\t\t<div class=\"elementor-element elementor-element-e722e53 elementor-widget elementor-widget-image\" data-id=\"e722e53\" data-element_type=\"widget\" data-widget_type=\"image.default\">\n\t\t\t\t<div class=\"elementor-widget-container\">\n\t\t\t\t\t\t\t\t\t\t\t\t\t<img decoding=\"async\" width=\"780\" height=\"439\" src=\"https:\/\/www.restaurant-thalesbrest.fr\/wp-content\/uploads\/2024\/06\/20231106_154626-1024x576.jpg\" class=\"attachment-large size-large wp-image-837\" alt=\"\" srcset=\"https:\/\/www.restaurant-thalesbrest.fr\/wp-content\/uploads\/2024\/06\/20231106_154626-1024x576.jpg 1024w, https:\/\/www.restaurant-thalesbrest.fr\/wp-content\/uploads\/2024\/06\/20231106_154626-300x169.jpg 300w, https:\/\/www.restaurant-thalesbrest.fr\/wp-content\/uploads\/2024\/06\/20231106_154626-768x432.jpg 768w, https:\/\/www.restaurant-thalesbrest.fr\/wp-content\/uploads\/2024\/06\/20231106_154626-1536x864.jpg 1536w, https:\/\/www.restaurant-thalesbrest.fr\/wp-content\/uploads\/2024\/06\/20231106_154626-107x60.jpg 107w, https:\/\/www.restaurant-thalesbrest.fr\/wp-content\/uploads\/2024\/06\/20231106_154626.jpg 2048w\" sizes=\"(max-width: 780px) 100vw, 780px\" \/>\t\t\t\t\t\t\t\t\t\t\t\t\t<\/div>\n\t\t\t\t<\/div>\n\t\t\t\t\t<\/div>\n\t\t\t\t<\/div>\n\t\t<div class=\"elementor-element elementor-element-c7039be e-flex e-con-boxed e-con e-child\" data-id=\"c7039be\" data-element_type=\"container\">\n\t\t\t\t\t<div class=\"e-con-inner\">\n\t\t\t\t<div class=\"elementor-element elementor-element-8e1d113 elementor-widget elementor-widget-image\" data-id=\"8e1d113\" data-element_type=\"widget\" data-widget_type=\"image.default\">\n\t\t\t\t<div class=\"elementor-widget-container\">\n\t\t\t\t\t\t\t\t\t\t\t\t\t<img decoding=\"async\" width=\"780\" height=\"439\" src=\"https:\/\/www.restaurant-thalesbrest.fr\/wp-content\/uploads\/2024\/06\/20231106_154557-1024x576.jpg\" class=\"attachment-large size-large wp-image-838\" alt=\"\" srcset=\"https:\/\/www.restaurant-thalesbrest.fr\/wp-content\/uploads\/2024\/06\/20231106_154557-1024x576.jpg 1024w, https:\/\/www.restaurant-thalesbrest.fr\/wp-content\/uploads\/2024\/06\/20231106_154557-300x169.jpg 300w, https:\/\/www.restaurant-thalesbrest.fr\/wp-content\/uploads\/2024\/06\/20231106_154557-768x432.jpg 768w, https:\/\/www.restaurant-thalesbrest.fr\/wp-content\/uploads\/2024\/06\/20231106_154557-1536x864.jpg 1536w, https:\/\/www.restaurant-thalesbrest.fr\/wp-content\/uploads\/2024\/06\/20231106_154557-107x60.jpg 107w, https:\/\/www.restaurant-thalesbrest.fr\/wp-content\/uploads\/2024\/06\/20231106_154557.jpg 2048w\" sizes=\"(max-width: 780px) 100vw, 780px\" \/>\t\t\t\t\t\t\t\t\t\t\t\t\t<\/div>\n\t\t\t\t<\/div>\n\t\t\t\t\t<\/div>\n\t\t\t\t<\/div>\n\t\t\t\t<\/div>\n\t\t\t\t<\/div>\n\t\t\t\t<\/div>\n\t\t","protected":false},"excerpt":{"rendered":"<p>Travaux apr\u00e8s la temp\u00eate CIARAN La Temp\u00eate Ciaran n\u2019a pas \u00e9pargn\u00e9 les \u00e9quipements sur le toit du Restaurant d\u2019entreprise. Les groupes froids ont souffert. Celui d\u00e9di\u00e9 \u00e0 la Cellule de refroidissement d\u2019un poids de 400kg a m\u00eame \u00e9t\u00e9 d\u00e9plac\u00e9 de plus d\u2019un m\u00e8tre. Les conduites des hottes de ventilation ont aussi \u00e9t\u00e9 arrach\u00e9es. Depuis les&hellip; <\/p>\n<div class=\"readmore-wrapper\"><a href=\"https:\/\/www.restaurant-thalesbrest.fr\/index.php\/info-travaux\/\" class=\"more-link\">Read <\/a><\/div>\n","protected":false},"author":1,"featured_media":0,"parent":0,"menu_order":0,"comment_status":"closed","ping_status":"closed","template":"","meta":{"footnotes":""},"class_list":["post-777","page","type-page","status-publish","hentry"],"_links":{"self":[{"href":"https:\/\/www.restaurant-thalesbrest.fr\/index.php\/wp-json\/wp\/v2\/pages\/777","targetHints":{"allow":["GET"]}}],"collection":[{"href":"https:\/\/www.restaurant-thalesbrest.fr\/index.php\/wp-json\/wp\/v2\/pages"}],"about":[{"href":"https:\/\/www.restaurant-thalesbrest.fr\/index.php\/wp-json\/wp\/v2\/types\/page"}],"author":[{"embeddable":true,"href":"https:\/\/www.restaurant-thalesbrest.fr\/index.php\/wp-json\/wp\/v2\/users\/1"}],"replies":[{"embeddable":true,"href":"https:\/\/www.restaurant-thalesbrest.fr\/index.php\/wp-json\/wp\/v2\/comments?post=777"}],"version-history":[{"count":13,"href":"https:\/\/www.restaurant-thalesbrest.fr\/index.php\/wp-json\/wp\/v2\/pages\/777\/revisions"}],"predecessor-version":[{"id":845,"href":"https:\/\/www.restaurant-thalesbrest.fr\/index.php\/wp-json\/wp\/v2\/pages\/777\/revisions\/845"}],"wp:attachment":[{"href":"https:\/\/www.restaurant-thalesbrest.fr\/index.php\/wp-json\/wp\/v2\/media?parent=777"}],"curies":[{"name":"wp","href":"https:\/\/api.w.org\/{rel}","templated":true}]}}