{"id":73,"date":"2023-12-20T13:50:02","date_gmt":"2023-12-20T13:50:02","guid":{"rendered":"https:\/\/www.restaurant-thalesbrest.fr\/?page_id=73"},"modified":"2025-10-17T08:32:30","modified_gmt":"2025-10-17T08:32:30","slug":"contacts","status":"publish","type":"page","link":"https:\/\/www.restaurant-thalesbrest.fr\/index.php\/contacts\/","title":{"rendered":"Contact"},"content":{"rendered":"\t\t<div data-elementor-type=\"wp-page\" data-elementor-id=\"73\" class=\"elementor elementor-73\">\n\t\t\t\t<div class=\"elementor-element elementor-element-213fc1fe e-flex e-con-boxed e-con e-parent\" data-id=\"213fc1fe\" data-element_type=\"container\">\n\t\t\t\t\t<div class=\"e-con-inner\">\n\t\t\t\t<div class=\"elementor-element elementor-element-60bcaae elementor-widget elementor-widget-heading\" data-id=\"60bcaae\" data-element_type=\"widget\" data-widget_type=\"heading.default\">\n\t\t\t\t<div class=\"elementor-widget-container\">\n\t\t\t<h1 class=\"elementor-heading-title elementor-size-large\">contact<\/h1>\t\t<\/div>\n\t\t\t\t<\/div>\n\t\t\t\t<div class=\"elementor-element elementor-element-97cfc03 elementor-widget elementor-widget-text-editor\" data-id=\"97cfc03\" data-element_type=\"widget\" data-widget_type=\"text-editor.default\">\n\t\t\t\t<div class=\"elementor-widget-container\">\n\t\t\t\t\t\t\t<p><strong>Besoin d\u2019aide pour une r\u00e9servation ? <\/strong>L&rsquo;\u00e9quipe <strong>API Restauration<\/strong> est \u00e0 votre disposition :<br \/>\ud83d\udcde Julie ou Marine : 02 98 31 25 51<br \/>\ud83d\udcde Mikael Gragnic : 07 88 06 41 70<br \/>\ud83d\udce7 E-mail : <a href=\"mailto:04485@api-restauration.com\">04485@api-restauration.com<\/a><\/p><p><strong>Une suggestion ou une remarque sur le restaurant ?<\/strong><br \/>\ud83d\udce7 Contactez la commission Restaurant : <a href=\"mailto:contact@restaurant-thalesbrest.fr\">contact@restaurant-thalesbrest.fr<\/a><\/p><p>\u00a0<\/p><p>\u00a0<\/p>\t\t\t\t\t\t<\/div>\n\t\t\t\t<\/div>\n\t\t\t\t\t<\/div>\n\t\t\t\t<\/div>\n\t\t\t\t<\/div>\n\t\t","protected":false},"excerpt":{"rendered":"<p>contact Besoin d\u2019aide pour une r\u00e9servation ? L&rsquo;\u00e9quipe API Restauration est \u00e0 votre disposition :\ud83d\udcde Julie ou Marine : 02 98 31 25 51\ud83d\udcde Mikael Gragnic : 07 88 06 41 70\ud83d\udce7 E-mail : 04485@api-restauration.com Une suggestion ou une remarque sur le restaurant ?\ud83d\udce7 Contactez la commission Restaurant : contact@restaurant-thalesbrest.fr \u00a0 \u00a0<\/p>\n","protected":false},"author":1,"featured_media":0,"parent":0,"menu_order":0,"comment_status":"closed","ping_status":"closed","template":"elementor_header_footer","meta":{"footnotes":""},"class_list":["post-73","page","type-page","status-publish","hentry"],"_links":{"self":[{"href":"https:\/\/www.restaurant-thalesbrest.fr\/index.php\/wp-json\/wp\/v2\/pages\/73","targetHints":{"allow":["GET"]}}],"collection":[{"href":"https:\/\/www.restaurant-thalesbrest.fr\/index.php\/wp-json\/wp\/v2\/pages"}],"about":[{"href":"https:\/\/www.restaurant-thalesbrest.fr\/index.php\/wp-json\/wp\/v2\/types\/page"}],"author":[{"embeddable":true,"href":"https:\/\/www.restaurant-thalesbrest.fr\/index.php\/wp-json\/wp\/v2\/users\/1"}],"replies":[{"embeddable":true,"href":"https:\/\/www.restaurant-thalesbrest.fr\/index.php\/wp-json\/wp\/v2\/comments?post=73"}],"version-history":[{"count":18,"href":"https:\/\/www.restaurant-thalesbrest.fr\/index.php\/wp-json\/wp\/v2\/pages\/73\/revisions"}],"predecessor-version":[{"id":1239,"href":"https:\/\/www.restaurant-thalesbrest.fr\/index.php\/wp-json\/wp\/v2\/pages\/73\/revisions\/1239"}],"wp:attachment":[{"href":"https:\/\/www.restaurant-thalesbrest.fr\/index.php\/wp-json\/wp\/v2\/media?parent=73"}],"curies":[{"name":"wp","href":"https:\/\/api.w.org\/{rel}","templated":true}]}}