{"id":233,"date":"2024-02-14T15:07:02","date_gmt":"2024-02-14T15:07:02","guid":{"rendered":"https:\/\/www.restaurant-thalesbrest.fr\/?page_id=233"},"modified":"2025-10-29T14:06:13","modified_gmt":"2025-10-29T14:06:13","slug":"pop-take","status":"publish","type":"page","link":"https:\/\/www.restaurant-thalesbrest.fr\/index.php\/pop-take\/","title":{"rendered":"Pop &#038; Take"},"content":{"rendered":"\t\t<div data-elementor-type=\"wp-page\" data-elementor-id=\"233\" class=\"elementor elementor-233\">\n\t\t\t\t<div class=\"elementor-element elementor-element-444aa5d e-flex e-con-boxed e-con e-parent\" data-id=\"444aa5d\" data-element_type=\"container\">\n\t\t\t\t\t<div class=\"e-con-inner\">\n\t\t<div class=\"elementor-element elementor-element-e5ffe06 e-con-full e-flex e-con e-child\" data-id=\"e5ffe06\" data-element_type=\"container\">\n\t\t\t\t<div class=\"elementor-element elementor-element-061fe07 elementor-widget elementor-widget-heading\" data-id=\"061fe07\" data-element_type=\"widget\" data-widget_type=\"heading.default\">\n\t\t\t\t<div class=\"elementor-widget-container\">\n\t\t\t<h2 class=\"elementor-heading-title elementor-size-default\">Comment se connecter sur Pop &amp; Take ?<\/h2>\t\t<\/div>\n\t\t\t\t<\/div>\n\t\t<div class=\"elementor-element elementor-element-81f9045 e-con-full e-flex e-con e-child\" data-id=\"81f9045\" data-element_type=\"container\">\n\t\t\t\t<div class=\"elementor-element elementor-element-4db29d9 elementor-widget elementor-widget-text-editor\" data-id=\"4db29d9\" data-element_type=\"widget\" data-widget_type=\"text-editor.default\">\n\t\t\t\t<div class=\"elementor-widget-container\">\n\t\t\t\t\t\t\t<ul><li><span style=\"font-size: 16px; font-family: arial, helvetica, sans-serif;\"><strong>Rendez-vous sur : <\/strong><a href=\"https:\/\/www.popandtake.com\/thales29\/\" target=\"_blank\" rel=\"noopener\"><span style=\"text-decoration: underline;\"><span style=\"color: #333333; text-decoration: underline;\">https:\/\/www.popandtake.com\/thales29\/<\/span><\/span><\/a><\/span><\/li><li><span style=\"font-size: 16px; font-family: arial, helvetica, sans-serif;\"><strong>Renseignez votre login :<\/strong> pr\u00e9nom.nom<\/span><\/li><li><span style=\"font-size: 16px; font-family: arial, helvetica, sans-serif;\"><strong>Votre mot de passe \u00e0 la premi\u00e8re connexion :<\/strong> azerty123<\/span><\/li><li><span style=\"font-size: 16px; font-family: arial, helvetica, sans-serif;\">Le mot de passe est \u00e0 changer d\u00e8s la premi\u00e8re connexion.<\/span><\/li><\/ul>\t\t\t\t\t\t<\/div>\n\t\t\t\t<\/div>\n\t\t\t\t<\/div>\n\t\t\t\t<\/div>\n\t\t<div class=\"elementor-element elementor-element-b0a0442 e-con-full e-flex e-con e-child\" data-id=\"b0a0442\" data-element_type=\"container\">\n\t\t\t\t<div class=\"elementor-element elementor-element-7c5cc99 elementor-widget elementor-widget-image\" data-id=\"7c5cc99\" data-element_type=\"widget\" data-widget_type=\"image.default\">\n\t\t\t\t<div class=\"elementor-widget-container\">\n\t\t\t\t\t\t\t\t\t\t\t\t\t\t<a href=\"https:\/\/www.popandtake.com\/ARC\/\" target=\"_blank\">\n\t\t\t\t\t\t\t<img fetchpriority=\"high\" decoding=\"async\" width=\"370\" height=\"238\" src=\"https:\/\/www.restaurant-thalesbrest.fr\/wp-content\/uploads\/2024\/02\/1Portail_connexion_Poptake.png\" class=\"attachment-large size-large wp-image-238\" alt=\"Capture Portail de connexion\" srcset=\"https:\/\/www.restaurant-thalesbrest.fr\/wp-content\/uploads\/2024\/02\/1Portail_connexion_Poptake.png 370w, https:\/\/www.restaurant-thalesbrest.fr\/wp-content\/uploads\/2024\/02\/1Portail_connexion_Poptake-300x193.png 300w, https:\/\/www.restaurant-thalesbrest.fr\/wp-content\/uploads\/2024\/02\/1Portail_connexion_Poptake-93x60.png 93w\" sizes=\"(max-width: 370px) 100vw, 370px\" \/>\t\t\t\t\t\t\t\t<\/a>\n\t\t\t\t\t\t\t\t\t\t\t\t\t<\/div>\n\t\t\t\t<\/div>\n\t\t\t\t<\/div>\n\t\t\t\t\t<\/div>\n\t\t\t\t<\/div>\n\t\t<div class=\"elementor-element elementor-element-7fa7133 e-flex e-con-boxed e-con e-parent\" data-id=\"7fa7133\" data-element_type=\"container\">\n\t\t\t\t\t<div class=\"e-con-inner\">\n\t\t\t\t<div class=\"elementor-element elementor-element-5131643 elementor-widget-divider--view-line elementor-widget elementor-widget-divider\" data-id=\"5131643\" data-element_type=\"widget\" data-widget_type=\"divider.default\">\n\t\t\t\t<div class=\"elementor-widget-container\">\n\t\t\t\t\t<div class=\"elementor-divider\">\n\t\t\t<span class=\"elementor-divider-separator\">\n\t\t\t\t\t\t<\/span>\n\t\t<\/div>\n\t\t\t\t<\/div>\n\t\t\t\t<\/div>\n\t\t\t\t<div class=\"elementor-element elementor-element-7d9bed7 elementor-widget elementor-widget-text-editor\" data-id=\"7d9bed7\" data-element_type=\"widget\" data-widget_type=\"text-editor.default\">\n\t\t\t\t<div class=\"elementor-widget-container\">\n\t\t\t\t\t\t\t<p><span style=\"font-family: arial, helvetica, sans-serif; font-size: 16px;\"><strong>Lors de votre premi\u00e8re commande, veuillez v\u00e9rifier :<\/strong><\/span><\/p><ul><li><span style=\"font-size: 16px;\"><span style=\"font-family: arial, helvetica, sans-serif;\">Nom \/\u00a0<\/span>Pr\u00e9nom \/ E-mail<\/span><\/li><li><span style=\"font-family: arial, helvetica, sans-serif; font-size: 16px;\">L\u2019organisme par d\u00e9faut qui est param\u00e9tr\u00e9 : CSE, TDMS, TGS, Vinci<\/span><\/li><\/ul>\t\t\t\t\t\t<\/div>\n\t\t\t\t<\/div>\n\t\t\t\t<div class=\"elementor-element elementor-element-aab4a83 elementor-widget elementor-widget-text-editor\" data-id=\"aab4a83\" data-element_type=\"widget\" data-widget_type=\"text-editor.default\">\n\t\t\t\t<div class=\"elementor-widget-container\">\n\t\t\t\t\t\t\t<p><span style=\"font-size: 16px; font-family: Roboto;\"><strong>N&rsquo;oubliez pas d&rsquo;indiquer le nom de l&rsquo;h\u00f4te dans la case \u00ab\u00a0Observations\u00a0\u00bb <\/strong>a<\/span><span style=\"font-family: arial, helvetica, sans-serif; font-size: 16px;\">fin d\u2019optimiser l\u2019organisation, lors de vos commandes via Bienvenue sur POPnTAKE (popandtake.com), et lorsque vous r\u00e9servez une table en brasserie et\/ou salle des h\u00f4tes.<\/span><\/p><div class=\"group\/conversation-turn relative flex w-full min-w-0 flex-col agent-turn\"><div class=\"flex-col gap-1 md:gap-3\"><div class=\"flex max-w-full flex-col flex-grow\"><div class=\"min-h-8 text-message flex w-full flex-col items-end gap-2 whitespace-normal break-words text-start [.text-message+&amp;]:mt-5\" dir=\"auto\" data-message-author-role=\"assistant\" data-message-id=\"1fc6cd10-ab0d-4044-8607-90454a48ec20\" data-message-model-slug=\"gpt-4o\"><div class=\"flex w-full flex-col gap-1 empty:hidden first:pt-[3px]\"><div class=\"markdown prose w-full break-words dark:prose-invert light\"><p><span style=\"font-size: 16px; font-family: arial, helvetica, sans-serif;\">En cas de d\u00e9part de l\u2019entreprise, merci d\u2019envoyer un mail \u00e0 David et Mikael afin de d\u00e9sactiver l\u2019acc\u00e8s \u00e0 Pop&amp;Take.<\/span><\/p><\/div><\/div><\/div><\/div><\/div><\/div>\t\t\t\t\t\t<\/div>\n\t\t\t\t<\/div>\n\t\t\t\t\t<\/div>\n\t\t\t\t<\/div>\n\t\t<div class=\"elementor-element elementor-element-ddd4f93 e-flex e-con-boxed e-con e-parent\" data-id=\"ddd4f93\" data-element_type=\"container\">\n\t\t\t\t\t<div class=\"e-con-inner\">\n\t\t\t\t<div class=\"elementor-element elementor-element-0ccb58a elementor-widget elementor-widget-heading\" data-id=\"0ccb58a\" data-element_type=\"widget\" data-widget_type=\"heading.default\">\n\t\t\t\t<div class=\"elementor-widget-container\">\n\t\t\t<h2 class=\"elementor-heading-title elementor-size-default\">Acc\u00e8s \u00e0 Pop &amp; Take<\/h2>\t\t<\/div>\n\t\t\t\t<\/div>\n\t\t\t\t<div class=\"elementor-element elementor-element-c2b4084 elementor-widget elementor-widget-text-editor\" data-id=\"c2b4084\" data-element_type=\"widget\" data-widget_type=\"text-editor.default\">\n\t\t\t\t<div class=\"elementor-widget-container\">\n\t\t\t\t\t\t\t<p><strong>T\u00e9l\u00e9chargez le formulaire suivant : <span style=\"text-decoration: underline;\"><a href=\"https:\/\/www.restaurant-thalesbrest.fr\/wp-content\/uploads\/2025\/10\/Active-20251022-Formulaire-Inscription-PopTake.pdf\" target=\"_blank\" rel=\"noopener\">Formulaire d&rsquo;inscription<\/a><\/span><br \/><\/strong>Renseignez-le et envoyez-le au secr\u00e9taire du CSE Thales DMS Brest.<\/p>\t\t\t\t\t\t<\/div>\n\t\t\t\t<\/div>\n\t\t\t\t\t<\/div>\n\t\t\t\t<\/div>\n\t\t\t\t<\/div>\n\t\t","protected":false},"excerpt":{"rendered":"<p>Comment se connecter sur Pop &amp; Take ? Rendez-vous sur : https:\/\/www.popandtake.com\/thales29\/ Renseignez votre login : pr\u00e9nom.nom Votre mot de passe \u00e0 la premi\u00e8re connexion : azerty123 Le mot de passe est \u00e0 changer d\u00e8s la premi\u00e8re connexion. Lors de votre premi\u00e8re commande, veuillez v\u00e9rifier : Nom \/\u00a0Pr\u00e9nom \/ E-mail L\u2019organisme par d\u00e9faut qui est&hellip; <\/p>\n<div class=\"readmore-wrapper\"><a href=\"https:\/\/www.restaurant-thalesbrest.fr\/index.php\/pop-take\/\" class=\"more-link\">Read <\/a><\/div>\n","protected":false},"author":1,"featured_media":0,"parent":0,"menu_order":0,"comment_status":"closed","ping_status":"closed","template":"elementor_header_footer","meta":{"footnotes":""},"class_list":["post-233","page","type-page","status-publish","hentry"],"_links":{"self":[{"href":"https:\/\/www.restaurant-thalesbrest.fr\/index.php\/wp-json\/wp\/v2\/pages\/233","targetHints":{"allow":["GET"]}}],"collection":[{"href":"https:\/\/www.restaurant-thalesbrest.fr\/index.php\/wp-json\/wp\/v2\/pages"}],"about":[{"href":"https:\/\/www.restaurant-thalesbrest.fr\/index.php\/wp-json\/wp\/v2\/types\/page"}],"author":[{"embeddable":true,"href":"https:\/\/www.restaurant-thalesbrest.fr\/index.php\/wp-json\/wp\/v2\/users\/1"}],"replies":[{"embeddable":true,"href":"https:\/\/www.restaurant-thalesbrest.fr\/index.php\/wp-json\/wp\/v2\/comments?post=233"}],"version-history":[{"count":96,"href":"https:\/\/www.restaurant-thalesbrest.fr\/index.php\/wp-json\/wp\/v2\/pages\/233\/revisions"}],"predecessor-version":[{"id":1380,"href":"https:\/\/www.restaurant-thalesbrest.fr\/index.php\/wp-json\/wp\/v2\/pages\/233\/revisions\/1380"}],"wp:attachment":[{"href":"https:\/\/www.restaurant-thalesbrest.fr\/index.php\/wp-json\/wp\/v2\/media?parent=233"}],"curies":[{"name":"wp","href":"https:\/\/api.w.org\/{rel}","templated":true}]}}