{"id":222,"date":"2024-02-14T14:46:56","date_gmt":"2024-02-14T14:46:56","guid":{"rendered":"https:\/\/www.restaurant-thalesbrest.fr\/?page_id=222"},"modified":"2024-12-13T12:47:45","modified_gmt":"2024-12-13T12:47:45","slug":"room-service","status":"publish","type":"page","link":"https:\/\/www.restaurant-thalesbrest.fr\/index.php\/room-service\/","title":{"rendered":"Room Service"},"content":{"rendered":"\t\t<div data-elementor-type=\"wp-page\" data-elementor-id=\"222\" class=\"elementor elementor-222\">\n\t\t\t\t<div class=\"elementor-element elementor-element-f4c2e86 e-flex e-con-boxed e-con e-parent\" data-id=\"f4c2e86\" data-element_type=\"container\">\n\t\t\t\t\t<div class=\"e-con-inner\">\n\t\t\t\t<div class=\"elementor-element elementor-element-866644f elementor-widget elementor-widget-heading\" data-id=\"866644f\" data-element_type=\"widget\" data-widget_type=\"heading.default\">\n\t\t\t\t<div class=\"elementor-widget-container\">\n\t\t\t<h2 class=\"elementor-heading-title elementor-size-default\">Room Service<\/h2>\t\t<\/div>\n\t\t\t\t<\/div>\n\t\t\t\t\t<\/div>\n\t\t\t\t<\/div>\n\t\t<div class=\"elementor-element elementor-element-282e96e e-flex e-con-boxed e-con e-parent\" data-id=\"282e96e\" data-element_type=\"container\">\n\t\t\t\t\t<div class=\"e-con-inner\">\n\t\t\t\t<div class=\"elementor-element elementor-element-a1f6ecd elementor-widget elementor-widget-text-editor\" data-id=\"a1f6ecd\" data-element_type=\"widget\" data-widget_type=\"text-editor.default\">\n\t\t\t\t<div class=\"elementor-widget-container\">\n\t\t\t\t\t\t\t<p>\u00a0<\/p><p><span style=\"color: #ff6600; font-family: arial, helvetica, sans-serif;\"><strong>D\u00e9lai pour les commandes :<\/strong><\/span><\/p><ul><li><span style=\"font-family: arial, helvetica, sans-serif; font-size: 16px;\">Les commandes doivent \u00eatre pass\u00e9es <strong>au moins 48h \u00e0 l\u2019avance<\/strong>.<\/span><\/li><li><span style=\"font-family: arial, helvetica, sans-serif; font-size: 16px;\"><span style=\"font-family: arial, helvetica, sans-serif; font-size: 16px;\"><span style=\"font-family: arial, helvetica, sans-serif;\">Les modifications ou annulations doivent \u00eatre effectu\u00e9es <strong>au moins 24h \u00e0 l\u2019avance<\/strong>.<\/span><\/span><\/span><span style=\"font-family: arial, helvetica, sans-serif; font-size: 16px;\"><span style=\"font-family: arial, helvetica, sans-serif;\"><br \/><\/span><\/span><\/li><\/ul><hr \/><h4>\u00a0<\/h4><h4><span style=\"font-family: arial, helvetica, sans-serif; color: #ff6600;\"><strong>Livraison :<\/strong><\/span><\/h4><ul><li><span style=\"font-size: 16px;\"><strong>Horaires de livraison :<\/strong><\/span><ul><li><span style=\"font-size: 16px;\">Livraison possible \u00e0 partir de <strong>8h15<\/strong> (mettre l\u2019heure exacte du besoin pour une meilleure priorisation).<\/span><\/li><li><span style=\"font-size: 16px;\">Repas (plateau repas\/sandwich) : livraison entre <strong>11h30 et 12h15<\/strong> au plus tard.<\/span><\/li><\/ul><\/li><\/ul><ul><li><span style=\"font-family: arial, helvetica, sans-serif; font-size: 16px;\"><strong>Lieu de livraison<\/strong> :<\/span><ul><li><span style=\"font-family: arial, helvetica, sans-serif; font-size: 16px;\">Faites r\u00e9f\u00e9rence au <\/span><strong style=\"font-family: arial, helvetica, sans-serif; font-size: 16px;\">plan des salles de r\u00e9union du site<\/strong><span style=\"font-family: arial, helvetica, sans-serif; font-size: 16px;\"> pour indiquer le lieu de livraison.<\/span><\/li><li><span style=\"font-family: arial, helvetica, sans-serif; font-size: 16px;\">Si le lieu n\u2019est pas r\u00e9pertori\u00e9 sur ce plan, pr\u00e9cisez-le en <strong>commentaire<\/strong> avec un maximum d\u2019informations pour assurer une prestation optimale.<\/span><\/li><\/ul><\/li><\/ul><ul><li><span style=\"font-size: 16px; font-family: arial, helvetica, sans-serif;\"><strong>Bon de commande<\/strong> :<\/span><ul><li><span style=\"font-family: arial, helvetica, sans-serif; font-size: 16px;\">Une prestation annexe (ex. : <\/span><strong style=\"font-family: arial, helvetica, sans-serif; font-size: 16px;\">corbeille de fruits<\/strong><span style=\"font-family: arial, helvetica, sans-serif; font-size: 16px;\">) doit \u00eatre indiqu\u00e9e comme une <\/span><strong style=\"font-family: arial, helvetica, sans-serif; font-size: 16px;\">ligne distincte<\/strong><span style=\"font-family: arial, helvetica, sans-serif; font-size: 16px;\"> sur le bon de commande, et non en commentaire.<\/span><\/li><li><span style=\"font-size: 16px; font-family: arial, helvetica, sans-serif;\">Chaque prestation n\u00e9cessite un <strong>bon de commande distinct<\/strong>.<\/span><\/li><\/ul><\/li><\/ul><hr \/><p>\u00a0<\/p><p><span style=\"font-family: arial, helvetica, sans-serif; font-size: 18px; color: #ff6600;\"><strong>Confirmation et suivi :<\/strong><\/span><\/p><ul><li><span style=\"font-family: arial, helvetica, sans-serif; font-size: 16px;\">Un e-mail de confirmation vous sera envoy\u00e9 apr\u00e8s validation de votre commande.<\/span><\/li><li><span style=\"font-family: arial, helvetica, sans-serif; font-size: 16px;\">Attention au conditionnement des produits en <strong>MAD<\/strong>, veillez \u00e0 respecter les consignes sp\u00e9cifiques.<\/span><\/li><\/ul><hr \/><h4>\u00a0<\/h4><h4><span style=\"font-family: arial, helvetica, sans-serif; font-size: 18px; color: #ff6600;\"><strong>Modifications et annulations :<\/strong><\/span><\/h4><ul><li><span style=\"font-family: arial, helvetica, sans-serif; font-size: 16px;\">Les <strong>modifications<\/strong> doivent \u00eatre effectu\u00e9es <strong>au moins 24h avant la prestation<\/strong> via l\u2019application <strong>Pop&amp;Take<\/strong>.<\/span><br \/><span style=\"font-family: arial, helvetica, sans-serif; font-size: 16px;\"><em>(Les demandes par e-mail sont trait\u00e9es manuellement et peuvent entra\u00eener des retards.)<\/em><\/span><\/li><li><span style=\"font-family: arial, helvetica, sans-serif; font-size: 16px;\">Les <strong>annulations<\/strong> doivent \u00eatre effectu\u00e9es <strong>24h \u00e0 l\u2019avance<\/strong>, sinon la prestation sera factur\u00e9e.<\/span><\/li><\/ul><hr \/><h4>\u00a0<\/h4><h4><span style=\"font-family: arial, helvetica, sans-serif; font-size: 18px; color: #ff6600;\"><strong>Bac bleu et signal\u00e9tique :<\/strong><\/span><\/h4><ul><li><span style=\"font-family: arial, helvetica, sans-serif; font-size: 16px;\">Les <strong>bacs bleus<\/strong> ne sont pas des poubelles. Veuillez trier correctement les d\u00e9chets dans les <strong>poubelles du site<\/strong>.<\/span><\/li><li><span style=\"font-family: arial, helvetica, sans-serif; font-size: 16px;\">Les <strong>thermos<\/strong> doivent \u00eatre replac\u00e9s \u00e0 l\u2019int\u00e9rieur des bacs bleus apr\u00e8s usage.<\/span><\/li><\/ul><hr \/><h4>\u00a0<\/h4><h4><span style=\"font-family: arial, helvetica, sans-serif; font-size: 18px; color: #ff6600;\"><strong>Changement de salle apr\u00e8s livraison :<\/strong><\/span><\/h4><ul><li><span style=\"font-family: arial, helvetica, sans-serif; font-size: 16px;\">Si une salle change apr\u00e8s la livraison, merci d\u2019envoyer un e-mail pour permettre la r\u00e9cup\u00e9ration rapide du bac.<\/span><\/li><\/ul>\t\t\t\t\t\t<\/div>\n\t\t\t\t<\/div>\n\t\t\t\t\t<\/div>\n\t\t\t\t<\/div>\n\t\t<div class=\"elementor-element elementor-element-5ecd24b e-flex e-con-boxed e-con e-parent\" data-id=\"5ecd24b\" data-element_type=\"container\">\n\t\t\t\t\t<div class=\"e-con-inner\">\n\t\t\t\t<div class=\"elementor-element elementor-element-b7e4d2b elementor-widget-divider--view-line elementor-widget elementor-widget-divider\" data-id=\"b7e4d2b\" data-element_type=\"widget\" data-widget_type=\"divider.default\">\n\t\t\t\t<div class=\"elementor-widget-container\">\n\t\t\t\t\t<div class=\"elementor-divider\">\n\t\t\t<span class=\"elementor-divider-separator\">\n\t\t\t\t\t\t<\/span>\n\t\t<\/div>\n\t\t\t\t<\/div>\n\t\t\t\t<\/div>\n\t\t\t\t\t<\/div>\n\t\t\t\t<\/div>\n\t\t<div class=\"elementor-element elementor-element-998ee61 e-flex e-con-boxed e-con e-parent\" data-id=\"998ee61\" data-element_type=\"container\">\n\t\t\t\t\t<div class=\"e-con-inner\">\n\t\t\t\t<div class=\"elementor-element elementor-element-506fcd5 elementor-widget elementor-widget-heading\" data-id=\"506fcd5\" data-element_type=\"widget\" data-widget_type=\"heading.default\">\n\t\t\t\t<div class=\"elementor-widget-container\">\n\t\t\t<h2 class=\"elementor-heading-title elementor-size-default\">R\u00e9servez avec Pop&amp;Take<\/h2>\t\t<\/div>\n\t\t\t\t<\/div>\n\t\t\t\t\t<\/div>\n\t\t\t\t<\/div>\n\t\t<div class=\"elementor-element elementor-element-f633669 e-flex e-con-boxed e-con e-parent\" data-id=\"f633669\" data-element_type=\"container\">\n\t\t\t\t\t<div class=\"e-con-inner\">\n\t\t\t\t<div class=\"elementor-element elementor-element-a0f2510 elementor-widget elementor-widget-text-editor\" data-id=\"a0f2510\" data-element_type=\"widget\" data-widget_type=\"text-editor.default\">\n\t\t\t\t<div class=\"elementor-widget-container\">\n\t\t\t\t\t\t\t<p><strong><span style=\"font-family: arial, helvetica, sans-serif;\">En savoir plus et r\u00e9server :<\/span><\/strong> <span style=\"text-decoration: underline; color: #333333;\"><a style=\"color: #333333; text-decoration: underline;\" href=\"https:\/\/www.restaurant-thalesbrest.fr\/index.php\/pop-take\/\">cliquez ici<\/a><\/span><\/p>\t\t\t\t\t\t<\/div>\n\t\t\t\t<\/div>\n\t\t\t\t\t<\/div>\n\t\t\t\t<\/div>\n\t\t<div class=\"elementor-element elementor-element-0ccbee9 e-flex e-con-boxed e-con e-parent\" data-id=\"0ccbee9\" data-element_type=\"container\">\n\t\t\t\t\t<div class=\"e-con-inner\">\n\t\t\t\t<div class=\"elementor-element elementor-element-a5b87bf elementor-widget elementor-widget-spacer\" data-id=\"a5b87bf\" data-element_type=\"widget\" data-widget_type=\"spacer.default\">\n\t\t\t\t<div class=\"elementor-widget-container\">\n\t\t\t\t\t<div class=\"elementor-spacer\">\n\t\t\t<div class=\"elementor-spacer-inner\"><\/div>\n\t\t<\/div>\n\t\t\t\t<\/div>\n\t\t\t\t<\/div>\n\t\t\t\t\t<\/div>\n\t\t\t\t<\/div>\n\t\t<div class=\"elementor-element elementor-element-e99d026 e-flex e-con-boxed e-con e-parent\" data-id=\"e99d026\" data-element_type=\"container\">\n\t\t\t\t\t<div class=\"e-con-inner\">\n\t\t\t\t<div class=\"elementor-element elementor-element-17dfc70 elementor-widget elementor-widget-image\" data-id=\"17dfc70\" data-element_type=\"widget\" data-widget_type=\"image.default\">\n\t\t\t\t<div class=\"elementor-widget-container\">\n\t\t\t\t\t\t\t\t\t\t\t\t\t<img fetchpriority=\"high\" decoding=\"async\" width=\"2560\" height=\"689\" src=\"https:\/\/www.restaurant-thalesbrest.fr\/wp-content\/uploads\/2024\/03\/logo-cuisiniers-de-Bretagne-01-2-scaled.jpg\" class=\"attachment-full size-full wp-image-318\" alt=\"\" srcset=\"https:\/\/www.restaurant-thalesbrest.fr\/wp-content\/uploads\/2024\/03\/logo-cuisiniers-de-Bretagne-01-2-scaled.jpg 2560w, https:\/\/www.restaurant-thalesbrest.fr\/wp-content\/uploads\/2024\/03\/logo-cuisiniers-de-Bretagne-01-2-300x81.jpg 300w, https:\/\/www.restaurant-thalesbrest.fr\/wp-content\/uploads\/2024\/03\/logo-cuisiniers-de-Bretagne-01-2-1024x275.jpg 1024w, https:\/\/www.restaurant-thalesbrest.fr\/wp-content\/uploads\/2024\/03\/logo-cuisiniers-de-Bretagne-01-2-768x207.jpg 768w, https:\/\/www.restaurant-thalesbrest.fr\/wp-content\/uploads\/2024\/03\/logo-cuisiniers-de-Bretagne-01-2-1536x413.jpg 1536w, https:\/\/www.restaurant-thalesbrest.fr\/wp-content\/uploads\/2024\/03\/logo-cuisiniers-de-Bretagne-01-2-2048x551.jpg 2048w, https:\/\/www.restaurant-thalesbrest.fr\/wp-content\/uploads\/2024\/03\/logo-cuisiniers-de-Bretagne-01-2-223x60.jpg 223w\" sizes=\"(max-width: 2560px) 100vw, 2560px\" \/>\t\t\t\t\t\t\t\t\t\t\t\t\t<\/div>\n\t\t\t\t<\/div>\n\t\t\t\t\t<\/div>\n\t\t\t\t<\/div>\n\t\t\t\t<\/div>\n\t\t","protected":false},"excerpt":{"rendered":"<p>Room Service \u00a0 D\u00e9lai pour les commandes : Les commandes doivent \u00eatre pass\u00e9es au moins 48h \u00e0 l\u2019avance. Les modifications ou annulations doivent \u00eatre effectu\u00e9es au moins 24h \u00e0 l\u2019avance. \u00a0 Livraison : Horaires de livraison : Livraison possible \u00e0 partir de 8h15 (mettre l\u2019heure exacte du besoin pour une meilleure priorisation). Repas (plateau repas\/sandwich)&hellip; <\/p>\n<div class=\"readmore-wrapper\"><a href=\"https:\/\/www.restaurant-thalesbrest.fr\/index.php\/room-service\/\" class=\"more-link\">Read <\/a><\/div>\n","protected":false},"author":1,"featured_media":0,"parent":0,"menu_order":0,"comment_status":"closed","ping_status":"closed","template":"elementor_header_footer","meta":{"footnotes":""},"class_list":["post-222","page","type-page","status-publish","hentry"],"_links":{"self":[{"href":"https:\/\/www.restaurant-thalesbrest.fr\/index.php\/wp-json\/wp\/v2\/pages\/222","targetHints":{"allow":["GET"]}}],"collection":[{"href":"https:\/\/www.restaurant-thalesbrest.fr\/index.php\/wp-json\/wp\/v2\/pages"}],"about":[{"href":"https:\/\/www.restaurant-thalesbrest.fr\/index.php\/wp-json\/wp\/v2\/types\/page"}],"author":[{"embeddable":true,"href":"https:\/\/www.restaurant-thalesbrest.fr\/index.php\/wp-json\/wp\/v2\/users\/1"}],"replies":[{"embeddable":true,"href":"https:\/\/www.restaurant-thalesbrest.fr\/index.php\/wp-json\/wp\/v2\/comments?post=222"}],"version-history":[{"count":48,"href":"https:\/\/www.restaurant-thalesbrest.fr\/index.php\/wp-json\/wp\/v2\/pages\/222\/revisions"}],"predecessor-version":[{"id":1088,"href":"https:\/\/www.restaurant-thalesbrest.fr\/index.php\/wp-json\/wp\/v2\/pages\/222\/revisions\/1088"}],"wp:attachment":[{"href":"https:\/\/www.restaurant-thalesbrest.fr\/index.php\/wp-json\/wp\/v2\/media?parent=222"}],"curies":[{"name":"wp","href":"https:\/\/api.w.org\/{rel}","templated":true}]}}