{"id":209,"date":"2024-02-14T14:27:18","date_gmt":"2024-02-14T14:27:18","guid":{"rendered":"https:\/\/www.restaurant-thalesbrest.fr\/?page_id=209"},"modified":"2024-12-16T09:06:55","modified_gmt":"2024-12-16T09:06:55","slug":"club-brasserie","status":"publish","type":"page","link":"https:\/\/www.restaurant-thalesbrest.fr\/index.php\/club-brasserie\/","title":{"rendered":"Club \/ Brasserie"},"content":{"rendered":"\t\t<div data-elementor-type=\"wp-page\" data-elementor-id=\"209\" class=\"elementor elementor-209\">\n\t\t\t\t<div class=\"elementor-element elementor-element-0314ff0 e-flex e-con-boxed e-con e-parent\" data-id=\"0314ff0\" data-element_type=\"container\">\n\t\t\t\t\t<div class=\"e-con-inner\">\n\t\t\t\t<div class=\"elementor-element elementor-element-c89c5c4 elementor-widget elementor-widget-heading\" data-id=\"c89c5c4\" data-element_type=\"widget\" data-widget_type=\"heading.default\">\n\t\t\t\t<div class=\"elementor-widget-container\">\n\t\t\t<h2 class=\"elementor-heading-title elementor-size-default\">Club \/ Brasserie<\/h2>\t\t<\/div>\n\t\t\t\t<\/div>\n\t\t\t\t<div class=\"elementor-element elementor-element-04353f8 elementor-widget elementor-widget-text-editor\" data-id=\"04353f8\" data-element_type=\"widget\" data-widget_type=\"text-editor.default\">\n\t\t\t\t<div class=\"elementor-widget-container\">\n\t\t\t\t\t\t\t<p>\u00a0<\/p><ul><li><span style=\"font-size: 16px;\"><strong>Accueil<\/strong> : de 11h30 \u00e0 13h30<\/span><\/li><li><span style=\"font-size: 16px;\"><strong>Fin du service<\/strong> : avant 14h15<\/span><\/li><li><span style=\"font-size: 16px;\">Merci de respecter <strong>l\u2019horaire de d\u00e9jeuner<\/strong> et le <strong>nombre de convives<\/strong> indiqu\u00e9s sur votre bon de r\u00e9servation Pop&amp;Take.<\/span><\/li><\/ul><p><span style=\"font-size: 18px; color: #ff6600;\"><strong><span style=\"font-family: arial, helvetica, sans-serif;\">Salles propos\u00e9es :<\/span><\/strong><\/span><\/p><ul><li><span style=\"font-size: 16px;\"><strong>Grande salle \u00ab Brasserie \u00bb<\/strong> (capacit\u00e9 : 60 couverts)<\/span><br \/><span style=\"font-size: 16px;\">&#8211; D\u00e9jeuner avec d&rsquo;autres groupes.<\/span><br \/><span style=\"font-size: 16px;\"><span style=\"font-size: 16px;\">&#8211; Choix de <strong>menu rapide<\/strong> ou <strong>menu complet<\/strong>.<\/span><\/span><p>\u00a0<\/p><\/li><li><span style=\"font-size: 16px;\"><strong>Salles d\u2019H\u00f4tes \u00ab privatis\u00e9es \u00bb<\/strong> :<\/span><br \/><span style=\"font-size: 16px;\">&#8211; <strong>Salle \u00ab Phare \u00bb<\/strong> : capacit\u00e9 16 couverts.<\/span><br \/><span style=\"font-size: 16px;\">&#8211; <strong>Salle \u00ab Proue \u00bb<\/strong> : capacit\u00e9 28 couverts.<\/span><br \/><span style=\"font-size: 16px;\">&#8211; Service de <strong>menu Cr\u00e9ation du Chef<\/strong>, haut de gamme, compos\u00e9 de produits frais et personnalisable selon vos invit\u00e9s (menu Saveur).<\/span><\/li><\/ul><p><span style=\"color: #ff6600;\"><strong><span style=\"font-family: arial, helvetica, sans-serif; font-size: 18px;\">Proc\u00e9dure de r\u00e9servation :<\/span><\/strong><\/span><\/p><ol><li><span style=\"font-size: 16px;\">Effectuer la r\u00e9servation via le site <strong>Pop&amp;Take<\/strong>, en respectant un <strong>d\u00e9lai minimum de 48h<\/strong>.<\/span><\/li><li><span style=\"font-size: 16px;\">Consulter la disponibilit\u00e9 des salles (<strong>lien \u00e0 venir<\/strong>).<\/span><\/li><li><span style=\"font-size: 16px;\">Si besoin, confirmer la disponibilit\u00e9 des tables aupr\u00e8s de :<\/span><ul><li><span style=\"font-size: 16px;\">Julie, Marine ou Mikael au : <strong>02 98 31 25 51<\/strong>.<\/span><\/li><\/ul><\/li><\/ol><p><span style=\"font-family: arial, helvetica, sans-serif; font-size: 16px;\"><strong>Boissons alcoolis\u00e9es : <\/strong>toute prestation incluant des boissons alcoolis\u00e9es n\u00e9cessite une autorisation pr\u00e9alable du Directeur de l\u2019\u00e9tablissement, Patrice Le Lourec (copie \u00e0 Mikael Gragnic).<\/span><\/p><p><span style=\"color: #ff6600;\"><strong><span style=\"font-family: arial, helvetica, sans-serif; font-size: 18px;\">Bon de commande et confirmation :<\/span><\/strong><\/span><\/p><ul><li><span style=\"font-size: 16px;\">Un <strong>bon de commande distinct<\/strong> doit \u00eatre \u00e9mis pour chaque prestation.<\/span><\/li><li><span style=\"font-size: 16px;\">Une confirmation sera envoy\u00e9e par e-mail par l\u2019\u00e9quipe API.<\/span><\/li><li><span style=\"font-size: 16px;\">En cas de refus (ex. : salle compl\u00e8te), un commentaire pr\u00e9cisant la raison et une \u00e9ventuelle solution alternative sera communiqu\u00e9 sous <strong>24h<\/strong>.<\/span><\/li><\/ul><p><span style=\"font-family: arial, helvetica, sans-serif; color: #ff6600; font-size: 18px;\"><strong>Champ commentaire :<\/strong><\/span><\/p><ul><li><span style=\"font-size: 16px;\">Mentionnez toutes demandes particuli\u00e8res dans le champ commentaire lors de la r\u00e9servation (<strong>plat v\u00e9g\u00e9tarien, menus sp\u00e9ciaux, nationalit\u00e9, service rapide, etc.<\/strong>).<\/span><\/li><li><span style=\"font-size: 16px;\">Le restaurant pourra r\u00e9pondre \u00e0 ces demandes via un champ commentaire lors de la confirmation.<\/span><\/li><\/ul>\t\t\t\t\t\t<\/div>\n\t\t\t\t<\/div>\n\t\t\t\t\t<\/div>\n\t\t\t\t<\/div>\n\t\t<div class=\"elementor-element elementor-element-8303018 e-flex e-con-boxed e-con e-parent\" data-id=\"8303018\" data-element_type=\"container\">\n\t\t\t\t\t<div class=\"e-con-inner\">\n\t\t\t\t<div class=\"elementor-element elementor-element-ad1eb92 elementor-widget-divider--view-line elementor-widget elementor-widget-divider\" data-id=\"ad1eb92\" data-element_type=\"widget\" data-widget_type=\"divider.default\">\n\t\t\t\t<div class=\"elementor-widget-container\">\n\t\t\t\t\t<div class=\"elementor-divider\">\n\t\t\t<span class=\"elementor-divider-separator\">\n\t\t\t\t\t\t<\/span>\n\t\t<\/div>\n\t\t\t\t<\/div>\n\t\t\t\t<\/div>\n\t\t\t\t\t<\/div>\n\t\t\t\t<\/div>\n\t\t<div class=\"elementor-element elementor-element-a2340f6 e-flex e-con-boxed e-con e-parent\" data-id=\"a2340f6\" data-element_type=\"container\">\n\t\t\t\t\t<div class=\"e-con-inner\">\n\t\t\t\t<div class=\"elementor-element elementor-element-778aeb2 elementor-widget elementor-widget-heading\" data-id=\"778aeb2\" data-element_type=\"widget\" data-widget_type=\"heading.default\">\n\t\t\t\t<div class=\"elementor-widget-container\">\n\t\t\t<h2 class=\"elementor-heading-title elementor-size-default\">R\u00e9servez avec Pop&amp;Take<\/h2>\t\t<\/div>\n\t\t\t\t<\/div>\n\t\t\t\t\t<\/div>\n\t\t\t\t<\/div>\n\t\t<div class=\"elementor-element elementor-element-7bec0af e-flex e-con-boxed e-con e-parent\" data-id=\"7bec0af\" data-element_type=\"container\">\n\t\t\t\t\t<div class=\"e-con-inner\">\n\t\t\t\t<div class=\"elementor-element elementor-element-ccb9c72 elementor-widget elementor-widget-text-editor\" data-id=\"ccb9c72\" data-element_type=\"widget\" data-widget_type=\"text-editor.default\">\n\t\t\t\t<div class=\"elementor-widget-container\">\n\t\t\t\t\t\t\t<p><span style=\"font-family: Roboto;\"><strong>En savoir + et r\u00e9server :<\/strong><span style=\"color: #333333;\"> <a style=\"color: #333333;\" href=\"https:\/\/www.restaurant-thalesbrest.fr\/index.php\/pop-take\/\"><span style=\"text-decoration: underline;\">cliquer ici<\/span><\/a><\/span><\/span><\/p>\t\t\t\t\t\t<\/div>\n\t\t\t\t<\/div>\n\t\t\t\t\t<\/div>\n\t\t\t\t<\/div>\n\t\t<div class=\"elementor-element elementor-element-a21cee1 e-flex e-con-boxed e-con e-parent\" data-id=\"a21cee1\" data-element_type=\"container\">\n\t\t\t\t\t<div class=\"e-con-inner\">\n\t\t\t\t<div class=\"elementor-element elementor-element-fd18587 elementor-widget elementor-widget-spacer\" data-id=\"fd18587\" data-element_type=\"widget\" data-widget_type=\"spacer.default\">\n\t\t\t\t<div class=\"elementor-widget-container\">\n\t\t\t\t\t<div class=\"elementor-spacer\">\n\t\t\t<div class=\"elementor-spacer-inner\"><\/div>\n\t\t<\/div>\n\t\t\t\t<\/div>\n\t\t\t\t<\/div>\n\t\t\t\t\t<\/div>\n\t\t\t\t<\/div>\n\t\t<div class=\"elementor-element elementor-element-11026e4 e-flex e-con-boxed e-con e-parent\" data-id=\"11026e4\" data-element_type=\"container\">\n\t\t\t\t\t<div class=\"e-con-inner\">\n\t\t\t\t<div class=\"elementor-element elementor-element-e864813 elementor-widget elementor-widget-image\" data-id=\"e864813\" data-element_type=\"widget\" data-widget_type=\"image.default\">\n\t\t\t\t<div class=\"elementor-widget-container\">\n\t\t\t\t\t\t\t\t\t\t\t\t\t<img fetchpriority=\"high\" decoding=\"async\" width=\"2560\" height=\"689\" src=\"https:\/\/www.restaurant-thalesbrest.fr\/wp-content\/uploads\/2024\/03\/logo-cuisiniers-de-Bretagne-01-2-scaled.jpg\" class=\"attachment-full size-full wp-image-318\" alt=\"\" srcset=\"https:\/\/www.restaurant-thalesbrest.fr\/wp-content\/uploads\/2024\/03\/logo-cuisiniers-de-Bretagne-01-2-scaled.jpg 2560w, https:\/\/www.restaurant-thalesbrest.fr\/wp-content\/uploads\/2024\/03\/logo-cuisiniers-de-Bretagne-01-2-300x81.jpg 300w, https:\/\/www.restaurant-thalesbrest.fr\/wp-content\/uploads\/2024\/03\/logo-cuisiniers-de-Bretagne-01-2-1024x275.jpg 1024w, https:\/\/www.restaurant-thalesbrest.fr\/wp-content\/uploads\/2024\/03\/logo-cuisiniers-de-Bretagne-01-2-768x207.jpg 768w, https:\/\/www.restaurant-thalesbrest.fr\/wp-content\/uploads\/2024\/03\/logo-cuisiniers-de-Bretagne-01-2-1536x413.jpg 1536w, https:\/\/www.restaurant-thalesbrest.fr\/wp-content\/uploads\/2024\/03\/logo-cuisiniers-de-Bretagne-01-2-2048x551.jpg 2048w, https:\/\/www.restaurant-thalesbrest.fr\/wp-content\/uploads\/2024\/03\/logo-cuisiniers-de-Bretagne-01-2-223x60.jpg 223w\" sizes=\"(max-width: 2560px) 100vw, 2560px\" \/>\t\t\t\t\t\t\t\t\t\t\t\t\t<\/div>\n\t\t\t\t<\/div>\n\t\t\t\t\t<\/div>\n\t\t\t\t<\/div>\n\t\t\t\t<\/div>\n\t\t","protected":false},"excerpt":{"rendered":"<p>Club \/ Brasserie \u00a0 Accueil : de 11h30 \u00e0 13h30 Fin du service : avant 14h15 Merci de respecter l\u2019horaire de d\u00e9jeuner et le nombre de convives indiqu\u00e9s sur votre bon de r\u00e9servation Pop&amp;Take. Salles propos\u00e9es : Grande salle \u00ab Brasserie \u00bb (capacit\u00e9 : 60 couverts)&#8211; D\u00e9jeuner avec d&rsquo;autres groupes.&#8211; Choix de menu rapide ou&hellip; <\/p>\n<div class=\"readmore-wrapper\"><a href=\"https:\/\/www.restaurant-thalesbrest.fr\/index.php\/club-brasserie\/\" class=\"more-link\">Read <\/a><\/div>\n","protected":false},"author":1,"featured_media":0,"parent":0,"menu_order":0,"comment_status":"closed","ping_status":"closed","template":"elementor_header_footer","meta":{"footnotes":""},"class_list":["post-209","page","type-page","status-publish","hentry"],"_links":{"self":[{"href":"https:\/\/www.restaurant-thalesbrest.fr\/index.php\/wp-json\/wp\/v2\/pages\/209","targetHints":{"allow":["GET"]}}],"collection":[{"href":"https:\/\/www.restaurant-thalesbrest.fr\/index.php\/wp-json\/wp\/v2\/pages"}],"about":[{"href":"https:\/\/www.restaurant-thalesbrest.fr\/index.php\/wp-json\/wp\/v2\/types\/page"}],"author":[{"embeddable":true,"href":"https:\/\/www.restaurant-thalesbrest.fr\/index.php\/wp-json\/wp\/v2\/users\/1"}],"replies":[{"embeddable":true,"href":"https:\/\/www.restaurant-thalesbrest.fr\/index.php\/wp-json\/wp\/v2\/comments?post=209"}],"version-history":[{"count":102,"href":"https:\/\/www.restaurant-thalesbrest.fr\/index.php\/wp-json\/wp\/v2\/pages\/209\/revisions"}],"predecessor-version":[{"id":1134,"href":"https:\/\/www.restaurant-thalesbrest.fr\/index.php\/wp-json\/wp\/v2\/pages\/209\/revisions\/1134"}],"wp:attachment":[{"href":"https:\/\/www.restaurant-thalesbrest.fr\/index.php\/wp-json\/wp\/v2\/media?parent=209"}],"curies":[{"name":"wp","href":"https:\/\/api.w.org\/{rel}","templated":true}]}}