{"id":1346,"date":"2025-10-17T09:02:10","date_gmt":"2025-10-17T09:02:10","guid":{"rendered":"https:\/\/www.restaurant-thalesbrest.fr\/?page_id=1346"},"modified":"2026-02-10T07:22:57","modified_gmt":"2026-02-10T07:22:57","slug":"minimum-urssaf","status":"publish","type":"page","link":"https:\/\/www.restaurant-thalesbrest.fr\/index.php\/minimum-urssaf\/","title":{"rendered":"Minimum URSSAF"},"content":{"rendered":"\t\t<div data-elementor-type=\"wp-page\" data-elementor-id=\"1346\" class=\"elementor elementor-1346\">\n\t\t\t\t<div class=\"elementor-element elementor-element-f36a345 e-flex e-con-boxed e-con e-parent\" data-id=\"f36a345\" data-element_type=\"container\">\n\t\t\t\t\t<div class=\"e-con-inner\">\n\t\t\t\t<div class=\"elementor-element elementor-element-069f277 elementor-widget elementor-widget-heading\" data-id=\"069f277\" data-element_type=\"widget\" data-widget_type=\"heading.default\">\n\t\t\t\t<div class=\"elementor-widget-container\">\n\t\t\t<h2 class=\"elementor-heading-title elementor-size-default\">MINIMUM URSAFF<\/h2>\t\t<\/div>\n\t\t\t\t<\/div>\n\t\t\t\t\t<\/div>\n\t\t\t\t<\/div>\n\t\t<div class=\"elementor-element elementor-element-cfb58b5 e-flex e-con-boxed e-con e-parent\" data-id=\"cfb58b5\" data-element_type=\"container\">\n\t\t\t\t\t<div class=\"e-con-inner\">\n\t\t\t\t<div class=\"elementor-element elementor-element-debd04c elementor-widget elementor-widget-text-editor\" data-id=\"debd04c\" data-element_type=\"widget\" data-widget_type=\"text-editor.default\">\n\t\t\t\t<div class=\"elementor-widget-container\">\n\t\t\t\t\t\t\t<p><span style=\"font-size: 16px; font-family: arial, helvetica, sans-serif; color: #808080;\">Le CSE, gestionnaire du restaurant, doit se conformer aux lois et r\u00e8gles en vigueur, en particulier celles relatives \u00e0 l\u2019URSSAF.<\/span><\/p><p><span style=\"font-size: 16px; font-family: arial, helvetica, sans-serif; color: #808080;\">Pour rappel, le co\u00fbt d\u2019un repas comprend une part fixe = admission (frais de structure) et une part variable (denr\u00e9es alimentaires).<\/span><\/p><p><span style=\"font-size: 16px; font-family: arial, helvetica, sans-serif; color: #808080;\"><strong>Plateau montant minimum<\/strong>\u00a0: le prix des denr\u00e9es d\u2019un <strong>plateau ne peut \u00eatre inf\u00e9rieur \u00e0 2,73 \u20ac<\/strong>. Dans le cas contraire, le CSE devrait payer des cotisations URSSAF. En cons\u00e9quence, veillez \u00e0 prendre un minimum de denr\u00e9es pour ne pas \u00eatre p\u00e9nalis\u00e9 lors de votre passage en caisse.<\/span><\/p><p><span style=\"font-size: 16px; font-family: arial, helvetica, sans-serif; color: #808080;\"><u>R\u00e8gle URSSAF<\/u>\u00a0:<\/span><\/p><p><span style=\"font-size: 16px; font-family: arial, helvetica, sans-serif; color: #808080;\">En cas de participation du CSE au financement de la cantine, conjointe ou non \u00e0 celle de l\u2019employeur\u00a0:<\/span><\/p><ul><li><span style=\"font-size: 16px; font-family: arial, helvetica, sans-serif; color: #808080;\">si la participation du salari\u00e9 au prix du repas est \u00e9gale ou sup\u00e9rieure \u00e0 2,73\u00a0\u20ac en 2025\u00a0: aucune cotisation et contribution sociale n\u2019est due (50\u00a0% de la valeur forfaitaire de l\u2019avantage en nature nourriture), l\u2019avantage en nature n\u2019est pas int\u00e9gr\u00e9 dans les assiettes sociales\u00a0;<\/span><\/li><\/ul><ul><li><span style=\"font-size: 16px; font-family: arial, helvetica, sans-serif; color: #808080;\">si la participation du salari\u00e9 au prix du repas est inf\u00e9rieure \u00e0 2,73\u00a0\u20ac en 2025\u00a0les cotisations et contributions sociales sont dues sur la valeur forfaitaire de l\u2019avantage en nature (5,45\u00a0\u20ac en 2025) sous d\u00e9duction de la participation salariale.<\/span><\/li><\/ul>\t\t\t\t\t\t<\/div>\n\t\t\t\t<\/div>\n\t\t\t\t\t<\/div>\n\t\t\t\t<\/div>\n\t\t\t\t<\/div>\n\t\t","protected":false},"excerpt":{"rendered":"<p>MINIMUM URSAFF Le CSE, gestionnaire du restaurant, doit se conformer aux lois et r\u00e8gles en vigueur, en particulier celles relatives \u00e0 l\u2019URSSAF. Pour rappel, le co\u00fbt d\u2019un repas comprend une part fixe = admission (frais de structure) et une part variable (denr\u00e9es alimentaires). Plateau montant minimum\u00a0: le prix des denr\u00e9es d\u2019un plateau ne peut \u00eatre&hellip; <\/p>\n<div class=\"readmore-wrapper\"><a href=\"https:\/\/www.restaurant-thalesbrest.fr\/index.php\/minimum-urssaf\/\" class=\"more-link\">Read <\/a><\/div>\n","protected":false},"author":1,"featured_media":0,"parent":0,"menu_order":0,"comment_status":"closed","ping_status":"closed","template":"","meta":{"footnotes":""},"class_list":["post-1346","page","type-page","status-publish","hentry"],"_links":{"self":[{"href":"https:\/\/www.restaurant-thalesbrest.fr\/index.php\/wp-json\/wp\/v2\/pages\/1346","targetHints":{"allow":["GET"]}}],"collection":[{"href":"https:\/\/www.restaurant-thalesbrest.fr\/index.php\/wp-json\/wp\/v2\/pages"}],"about":[{"href":"https:\/\/www.restaurant-thalesbrest.fr\/index.php\/wp-json\/wp\/v2\/types\/page"}],"author":[{"embeddable":true,"href":"https:\/\/www.restaurant-thalesbrest.fr\/index.php\/wp-json\/wp\/v2\/users\/1"}],"replies":[{"embeddable":true,"href":"https:\/\/www.restaurant-thalesbrest.fr\/index.php\/wp-json\/wp\/v2\/comments?post=1346"}],"version-history":[{"count":14,"href":"https:\/\/www.restaurant-thalesbrest.fr\/index.php\/wp-json\/wp\/v2\/pages\/1346\/revisions"}],"predecessor-version":[{"id":1421,"href":"https:\/\/www.restaurant-thalesbrest.fr\/index.php\/wp-json\/wp\/v2\/pages\/1346\/revisions\/1421"}],"wp:attachment":[{"href":"https:\/\/www.restaurant-thalesbrest.fr\/index.php\/wp-json\/wp\/v2\/media?parent=1346"}],"curies":[{"name":"wp","href":"https:\/\/api.w.org\/{rel}","templated":true}]}}