{"id":1340,"date":"2025-10-17T08:58:48","date_gmt":"2025-10-17T08:58:48","guid":{"rendered":"https:\/\/www.restaurant-thalesbrest.fr\/?page_id=1340"},"modified":"2025-10-17T09:07:12","modified_gmt":"2025-10-17T09:07:12","slug":"convives-exterieurs","status":"publish","type":"page","link":"https:\/\/www.restaurant-thalesbrest.fr\/index.php\/convives-exterieurs\/","title":{"rendered":"Convives ext\u00e9rieurs"},"content":{"rendered":"\t\t<div data-elementor-type=\"wp-page\" data-elementor-id=\"1340\" class=\"elementor elementor-1340\">\n\t\t\t\t<div class=\"elementor-element elementor-element-c09bc02 e-flex e-con-boxed e-con e-parent\" data-id=\"c09bc02\" data-element_type=\"container\">\n\t\t\t\t\t<div class=\"e-con-inner\">\n\t\t\t\t<div class=\"elementor-element elementor-element-4ed0ae3 elementor-widget-divider--view-line elementor-widget elementor-widget-divider\" data-id=\"4ed0ae3\" data-element_type=\"widget\" data-widget_type=\"divider.default\">\n\t\t\t\t<div class=\"elementor-widget-container\">\n\t\t\t\t\t<div class=\"elementor-divider\">\n\t\t\t<span class=\"elementor-divider-separator\">\n\t\t\t\t\t\t<\/span>\n\t\t<\/div>\n\t\t\t\t<\/div>\n\t\t\t\t<\/div>\n\t\t\t\t<div class=\"elementor-element elementor-element-ad76402 elementor-widget elementor-widget-text-editor\" data-id=\"ad76402\" data-element_type=\"widget\" data-widget_type=\"text-editor.default\">\n\t\t\t\t<div class=\"elementor-widget-container\">\n\t\t\t\t\t\t\t<p><em>Mise \u00e0 jour\u00a0: 01 septembre 2025<\/em><\/p><p><strong><u>Co\u00fbt de l\u2019admission pour les convives ext\u00e9rieurs<\/u><\/strong><strong>\u00a0:<\/strong><\/p><p>Les co\u00fbts d\u2019admission permettent de prendre en compte tous les frais fixes de fonctionnement du restaurant. En premier lieu, ils comprennent les co\u00fbts de salaire des personnels d\u2019API Restauration, mais aussi les frais d\u2019investissement engag\u00e9s par le CSE.<\/p><ul><li><strong>les frais d\u2019admission, au self,<\/strong> pour les convives ext\u00e9rieurs * seront de <strong>5,89\u20ac<\/strong> (5,54\u20ac issus des frais fixes d\u2019API restauration + 0,35\u20ac de frais de fonctionnement du CSE)<\/li><li><strong>Les frais d\u2019admission pour les<\/strong> <strong>repas \u00e0 emporter<\/strong> <strong>(en caf\u00e9t\u00e9ria) <\/strong>pour les convives ext\u00e9rieurs * sont \u00e9gaux \u00e0 50% de ceux du self, soit 5,89\u20ac\/2 = <strong>2,95\u20ac<\/strong><\/li><\/ul><p>\u00a0<\/p><p><strong><u>Paiement au moyen de titre-restaurant (Ticket Restaurant)<\/u><\/strong>\u00a0:<\/p><p>La demande de r\u00e9f\u00e9rencement est en cours et l\u2019usage des titres-restaurant sera possible, au plus tard, <strong>d\u00e9but 2024.<\/strong><\/p><p>L\u2019usage des titres-restaurant g\u00e9n\u00e8re des co\u00fbts de gestion pour API Restauration, aussi l\u2019usage de titres-restaurant en caisse entraine les contraintes suivantes\u00a0:<\/p><ul><li><strong>Des frais de 5%<\/strong> seront per\u00e7us sur chaque plateau** r\u00e9gl\u00e9 en titres-restaurant<\/li><li>Les paiements en titres-restaurant sont <strong>plafonn\u00e9s \u00e0 25\u20ac<\/strong> par plateau** (Art R. 3262-10 du Code de Travail).<\/li><li>Les approvisionnements de compte au moyen de titres-restaurant ne sont pas possibles<\/li><\/ul><p>\u00a0<\/p><p>*\u00a0 les convives ext\u00e9rieurs qui ne sont pas Thales DMS Brest, TGS conventionn\u00e9s, Vinci conventionn\u00e9s<\/p><p>** un plateau = admission + denr\u00e9es<\/p>\t\t\t\t\t\t<\/div>\n\t\t\t\t<\/div>\n\t\t\t\t\t<\/div>\n\t\t\t\t<\/div>\n\t\t\t\t<\/div>\n\t\t","protected":false},"excerpt":{"rendered":"<p>Mise \u00e0 jour\u00a0: 01 septembre 2025 Co\u00fbt de l\u2019admission pour les convives ext\u00e9rieurs\u00a0: Les co\u00fbts d\u2019admission permettent de prendre en compte tous les frais fixes de fonctionnement du restaurant. En premier lieu, ils comprennent les co\u00fbts de salaire des personnels d\u2019API Restauration, mais aussi les frais d\u2019investissement engag\u00e9s par le CSE. les frais d\u2019admission, au&hellip; <\/p>\n<div class=\"readmore-wrapper\"><a href=\"https:\/\/www.restaurant-thalesbrest.fr\/index.php\/convives-exterieurs\/\" class=\"more-link\">Read <\/a><\/div>\n","protected":false},"author":1,"featured_media":0,"parent":0,"menu_order":0,"comment_status":"closed","ping_status":"closed","template":"","meta":{"footnotes":""},"class_list":["post-1340","page","type-page","status-publish","hentry"],"_links":{"self":[{"href":"https:\/\/www.restaurant-thalesbrest.fr\/index.php\/wp-json\/wp\/v2\/pages\/1340","targetHints":{"allow":["GET"]}}],"collection":[{"href":"https:\/\/www.restaurant-thalesbrest.fr\/index.php\/wp-json\/wp\/v2\/pages"}],"about":[{"href":"https:\/\/www.restaurant-thalesbrest.fr\/index.php\/wp-json\/wp\/v2\/types\/page"}],"author":[{"embeddable":true,"href":"https:\/\/www.restaurant-thalesbrest.fr\/index.php\/wp-json\/wp\/v2\/users\/1"}],"replies":[{"embeddable":true,"href":"https:\/\/www.restaurant-thalesbrest.fr\/index.php\/wp-json\/wp\/v2\/comments?post=1340"}],"version-history":[{"count":16,"href":"https:\/\/www.restaurant-thalesbrest.fr\/index.php\/wp-json\/wp\/v2\/pages\/1340\/revisions"}],"predecessor-version":[{"id":1364,"href":"https:\/\/www.restaurant-thalesbrest.fr\/index.php\/wp-json\/wp\/v2\/pages\/1340\/revisions\/1364"}],"wp:attachment":[{"href":"https:\/\/www.restaurant-thalesbrest.fr\/index.php\/wp-json\/wp\/v2\/media?parent=1340"}],"curies":[{"name":"wp","href":"https:\/\/api.w.org\/{rel}","templated":true}]}}