{"id":1104,"date":"2024-12-13T13:44:10","date_gmt":"2024-12-13T13:44:10","guid":{"rendered":"https:\/\/www.restaurant-thalesbrest.fr\/?page_id=1104"},"modified":"2026-01-29T15:41:16","modified_gmt":"2026-01-29T15:41:16","slug":"les-invites-au-self","status":"publish","type":"page","link":"https:\/\/www.restaurant-thalesbrest.fr\/index.php\/les-invites-au-self\/","title":{"rendered":"Les invit\u00e9s au self"},"content":{"rendered":"\t\t<div data-elementor-type=\"wp-page\" data-elementor-id=\"1104\" class=\"elementor elementor-1104\">\n\t\t\t\t<div class=\"elementor-element elementor-element-7fc4cdc e-flex e-con-boxed e-con e-parent\" data-id=\"7fc4cdc\" data-element_type=\"container\">\n\t\t\t\t\t<div class=\"e-con-inner\">\n\t\t\t\t<div class=\"elementor-element elementor-element-61f2069 elementor-widget elementor-widget-text-editor\" data-id=\"61f2069\" data-element_type=\"widget\" data-widget_type=\"text-editor.default\">\n\t\t\t\t<div class=\"elementor-widget-container\">\n\t\t\t\t\t\t\t<p>\u00a0<\/p><h4><span style=\"font-family: arial, helvetica, sans-serif; font-size: 18px; color: #ff6600;\">Fiches Invit\u00e9s<\/span><\/h4><ul><li><span style=\"font-family: arial, helvetica, sans-serif; font-size: 16px;\">Important : Veillez \u00e0 ce que les fiches invit\u00e9s soient d\u00fbment remplies, en incluant les <strong>num\u00e9ros de Centres de co\u00fbt<\/strong> ou <strong>eOTP<\/strong> ouverts. <br \/>Cela permet de garantir un suivi administratif correct.<\/span><span style=\"font-family: arial, helvetica, sans-serif; font-size: 16px;\"><br \/><\/span><\/li><li><strong><span style=\"text-decoration: underline; color: #333333;\"><span style=\"font-family: arial, helvetica, sans-serif; font-size: 16px;\"><a style=\"color: #333333; text-decoration: underline;\" href=\"https:\/\/www.restaurant-thalesbrest.fr\/wp-content\/uploads\/2025\/01\/20240320-Fiche-invites-Restaurant-dentreprise.pdf\" target=\"_blank\" rel=\"noopener\">T\u00e9l\u00e9charger la fiche invit\u00e9<\/a><\/span><\/span><\/strong><\/li><\/ul><h4><span style=\"font-family: arial, helvetica, sans-serif; font-size: 18px; color: #ff6600;\">Carte Self-Service<\/span><\/h4><ul><li><span style=\"font-family: arial, helvetica, sans-serif; font-size: 16px;\">Privil\u00e9giez les cartes Self associ\u00e9es \u00e0 un <strong>Centre de co\u00fbt<\/strong> ou un <strong>eOTP<\/strong> pour une gestion plus efficace et simplifi\u00e9e des repas.<\/span><\/li><li><span style=\"font-family: arial, helvetica, sans-serif; font-size: 16px;\">Pour la cr\u00e9ation d\u2019un badge invit\u00e9s, t\u00e9l\u00e9chargez le formulaire suivant : <\/span><strong><span style=\"text-decoration: underline; font-size: 16px;\"><span style=\"font-family: arial, helvetica, sans-serif; color: #000000;\"><a style=\"color: #000000; text-decoration: underline;\" href=\"https:\/\/www.restaurant-thalesbrest.fr\/wp-content\/uploads\/2025\/10\/Active-20251022-Formulaire-Creation-de-Badge-service-Restaurant.pdf\" target=\"_blank\" rel=\"noopener\">Formulaire de cr\u00e9ation du badge invit\u00e9s<\/a><\/span><\/span><\/strong><\/li><li><span style=\"font-family: arial, helvetica, sans-serif; font-size: 16px;\">Pour la modification d\u2019un badge invit\u00e9s existants, t\u00e9l\u00e9charger le formulaire suivant :\u00a0<span style=\"text-decoration: underline;\"><span style=\"color: #000000;\"><strong><a style=\"color: #000000; text-decoration: underline;\" href=\"https:\/\/www.restaurant-thalesbrest.fr\/wp-content\/uploads\/2026\/01\/20251022-Formulaire-Modification-de-Badge-service-Restaurant.pdf\" target=\"_blank\" rel=\"noopener\">Formulaire de modification Badge invit\u00e9s<\/a><\/strong><\/span><\/span><\/span><\/li><li><span style=\"font-family: arial, helvetica, sans-serif; font-size: 16px;\">Renseignez ce formulaire, faites-le signer par le secr\u00e9taire du CSE Thales DMS Brest et demandez la cr\u00e9ation du badge au service S\u00fbret\u00e9.<\/span><\/li><\/ul>\t\t\t\t\t\t<\/div>\n\t\t\t\t<\/div>\n\t\t\t\t\t<\/div>\n\t\t\t\t<\/div>\n\t\t\t\t<\/div>\n\t\t","protected":false},"excerpt":{"rendered":"<p>\u00a0 Fiches Invit\u00e9s Important : Veillez \u00e0 ce que les fiches invit\u00e9s soient d\u00fbment remplies, en incluant les num\u00e9ros de Centres de co\u00fbt ou eOTP ouverts. Cela permet de garantir un suivi administratif correct. T\u00e9l\u00e9charger la fiche invit\u00e9 Carte Self-Service Privil\u00e9giez les cartes Self associ\u00e9es \u00e0 un Centre de co\u00fbt ou un eOTP pour une&hellip; <\/p>\n<div class=\"readmore-wrapper\"><a href=\"https:\/\/www.restaurant-thalesbrest.fr\/index.php\/les-invites-au-self\/\" class=\"more-link\">Read <\/a><\/div>\n","protected":false},"author":1,"featured_media":0,"parent":0,"menu_order":0,"comment_status":"closed","ping_status":"closed","template":"","meta":{"footnotes":""},"class_list":["post-1104","page","type-page","status-publish","hentry"],"_links":{"self":[{"href":"https:\/\/www.restaurant-thalesbrest.fr\/index.php\/wp-json\/wp\/v2\/pages\/1104","targetHints":{"allow":["GET"]}}],"collection":[{"href":"https:\/\/www.restaurant-thalesbrest.fr\/index.php\/wp-json\/wp\/v2\/pages"}],"about":[{"href":"https:\/\/www.restaurant-thalesbrest.fr\/index.php\/wp-json\/wp\/v2\/types\/page"}],"author":[{"embeddable":true,"href":"https:\/\/www.restaurant-thalesbrest.fr\/index.php\/wp-json\/wp\/v2\/users\/1"}],"replies":[{"embeddable":true,"href":"https:\/\/www.restaurant-thalesbrest.fr\/index.php\/wp-json\/wp\/v2\/comments?post=1104"}],"version-history":[{"count":52,"href":"https:\/\/www.restaurant-thalesbrest.fr\/index.php\/wp-json\/wp\/v2\/pages\/1104\/revisions"}],"predecessor-version":[{"id":1404,"href":"https:\/\/www.restaurant-thalesbrest.fr\/index.php\/wp-json\/wp\/v2\/pages\/1104\/revisions\/1404"}],"wp:attachment":[{"href":"https:\/\/www.restaurant-thalesbrest.fr\/index.php\/wp-json\/wp\/v2\/media?parent=1104"}],"curies":[{"name":"wp","href":"https:\/\/api.w.org\/{rel}","templated":true}]}}