{"id":1008,"date":"2024-12-13T10:00:38","date_gmt":"2024-12-13T10:00:38","guid":{"rendered":"https:\/\/www.restaurant-thalesbrest.fr\/?page_id=1008"},"modified":"2024-12-16T10:00:29","modified_gmt":"2024-12-16T10:00:29","slug":"buffet-cocktail","status":"publish","type":"page","link":"https:\/\/www.restaurant-thalesbrest.fr\/index.php\/buffet-cocktail\/","title":{"rendered":"Buffet \/ Cocktail"},"content":{"rendered":"\t\t<div data-elementor-type=\"wp-page\" data-elementor-id=\"1008\" class=\"elementor elementor-1008\">\n\t\t\t\t<div class=\"elementor-element elementor-element-2175e0b e-flex e-con-boxed e-con e-parent\" data-id=\"2175e0b\" data-element_type=\"container\">\n\t\t\t\t\t<div class=\"e-con-inner\">\n\t\t\t\t<div class=\"elementor-element elementor-element-7e567ba elementor-widget elementor-widget-heading\" data-id=\"7e567ba\" data-element_type=\"widget\" data-widget_type=\"heading.default\">\n\t\t\t\t<div class=\"elementor-widget-container\">\n\t\t\t<h2 class=\"elementor-heading-title elementor-size-default\">Buffet \/ Cocktail<\/h2>\t\t<\/div>\n\t\t\t\t<\/div>\n\t\t\t\t\t<\/div>\n\t\t\t\t<\/div>\n\t\t<div class=\"elementor-element elementor-element-9cef9a3 e-flex e-con-boxed e-con e-parent\" data-id=\"9cef9a3\" data-element_type=\"container\">\n\t\t\t\t\t<div class=\"e-con-inner\">\n\t\t\t\t<div class=\"elementor-element elementor-element-392d0d4 elementor-widget elementor-widget-text-editor\" data-id=\"392d0d4\" data-element_type=\"widget\" data-widget_type=\"text-editor.default\">\n\t\t\t\t<div class=\"elementor-widget-container\">\n\t\t\t\t\t\t\t<h4>\u00a0<\/h4><h4><span style=\"font-family: arial, helvetica, sans-serif; font-size: 18px; color: #ff6600;\"><strong>Mise en place de la salle<\/strong><\/span><\/h4><p><span style=\"font-family: arial, helvetica, sans-serif; font-size: 16px;\">Pour assurer la pr\u00e9paration de votre \u00e9v\u00e9nement :<\/span><\/p><ol><li><span style=\"font-family: arial, helvetica, sans-serif; font-size: 16px;\"><strong>Keep Tracking de manutention<\/strong> :<\/span><ul><li><span style=\"font-family: arial, helvetica, sans-serif; font-size: 16px;\">Pr\u00e9voir syst\u00e9matiquement un <strong>Keep Tracking<\/strong>.<\/span><\/li><li><span style=\"font-family: arial, helvetica, sans-serif; font-size: 16px;\">Envoyer une copie \u00e0 l\u2019adresse suivante : <a rel=\"noopener\">04485@api-restauration.com<\/a><\/span><\/li><\/ul><\/li><li><span style=\"font-family: arial, helvetica, sans-serif; font-size: 16px;\"><strong>Horaires \u00e0 respecter<\/strong> :<\/span><ul><li><span style=\"font-family: arial, helvetica, sans-serif; font-size: 16px;\"><strong>Mise en place<\/strong> : apr\u00e8s <strong>14h30<\/strong> pour le jour m\u00eame.<\/span><\/li><li><span style=\"font-family: arial, helvetica, sans-serif; font-size: 16px;\"><strong>Remise en place<\/strong> : avant <strong>9h00<\/strong> le lendemain.<\/span><\/li><\/ul><\/li><\/ol><hr \/><h4>\u00a0<\/h4><h4><span style=\"font-family: arial, helvetica, sans-serif; font-size: 18px; color: #ff6600;\"><strong>Occupation des salles pour des r\u00e9unions<\/strong><\/span><\/h4><ul><li><span style=\"font-family: arial, helvetica, sans-serif; font-size: 16px;\"><strong>Autorisation obligatoire<\/strong> : L\u2019utilisation des salles (Self, Club, Brasserie) pour des r\u00e9unions n\u00e9cessite l\u2019<strong>accord pr\u00e9alable d\u2019API Restauration<\/strong>.<\/span><\/li><li><span style=\"font-family: arial, helvetica, sans-serif; font-size: 16px;\"><strong>Salles du Club \/ Brasserie<\/strong> :<\/span><ul><li><span style=\"font-family: arial, helvetica, sans-serif; font-size: 16px;\">Elles peuvent \u00eatre r\u00e9serv\u00e9es pour des <strong>r\u00e9unions<\/strong> uniquement si elles incluent une <strong>prestation d\u00e9jeuner<\/strong> dans la m\u00eame salle.<\/span><\/li><li><span style=\"font-family: arial, helvetica, sans-serif; font-size: 16px;\">Le temps de <strong>mise en place<\/strong> devra \u00eatre organis\u00e9 avec l\u2019invitant <strong>avant le d\u00e9jeuner<\/strong>.<\/span><\/li><\/ul><\/li><\/ul><hr \/><p><span style=\"color: #ff6600; font-size: 18px;\"><strong><span style=\"font-family: arial, helvetica, sans-serif;\">R\u00e9server avec Pop&amp;Take <\/span><\/strong><strong style=\"font-family: arial, helvetica, sans-serif; text-align: var(--text-align);\">:<\/strong><\/span><span style=\"font-family: arial, helvetica, sans-serif; font-weight: var( --e-global-typography-text-font-weight ); text-align: var(--text-align);\">\u00a0<span style=\"text-decoration: underline;\"><a style=\"color: #333333; transition-property: all; text-decoration: underline;\" href=\"https:\/\/www.restaurant-thalesbrest.fr\/index.php\/pop-take\/\">cliquer ici<\/a><\/span><\/span><\/p><div class=\"flex-shrink-0 flex flex-col relative items-end\"><div><div class=\"pt-0\"><div class=\"gizmo-bot-avatar flex h-8 w-8 items-center justify-center overflow-hidden rounded-full\"><div class=\"relative p-1 rounded-sm flex items-center justify-center bg-token-main-surface-primary text-token-text-primary h-8 w-8\">\u00a0<\/div><\/div><\/div><\/div><\/div><div class=\"group\/conversation-turn relative flex w-full min-w-0 flex-col agent-turn\"><div class=\"flex-col gap-1 md:gap-3\"><div class=\"flex max-w-full flex-col flex-grow\"><div class=\"min-h-8 text-message flex w-full flex-col items-end gap-2 whitespace-normal break-words text-start [.text-message+&amp;]:mt-5\" dir=\"auto\" data-message-author-role=\"assistant\" data-message-id=\"1fc6cd10-ab0d-4044-8607-90454a48ec20\" data-message-model-slug=\"gpt-4o\"><div class=\"flex w-full flex-col gap-1 empty:hidden first:pt-[3px]\"><div class=\"markdown prose w-full break-words dark:prose-invert light\"><p><span style=\"font-family: arial, helvetica, sans-serif; font-size: 16px;\">En cas de d\u00e9part de l\u2019entreprise, merci d\u2019envoyer un mail \u00e0 David et Mikael afin de d\u00e9sactiver l\u2019acc\u00e8s \u00e0 Pop&amp;Take.<\/span><\/p><\/div><\/div><\/div><\/div><\/div><\/div>\t\t\t\t\t\t<\/div>\n\t\t\t\t<\/div>\n\t\t\t\t\t<\/div>\n\t\t\t\t<\/div>\n\t\t\t\t<\/div>\n\t\t","protected":false},"excerpt":{"rendered":"<p>Buffet \/ Cocktail \u00a0 Mise en place de la salle Pour assurer la pr\u00e9paration de votre \u00e9v\u00e9nement : Keep Tracking de manutention : Pr\u00e9voir syst\u00e9matiquement un Keep Tracking. Envoyer une copie \u00e0 l\u2019adresse suivante : 04485@api-restauration.com Horaires \u00e0 respecter : Mise en place : apr\u00e8s 14h30 pour le jour m\u00eame. Remise en place : avant&hellip; <\/p>\n<div class=\"readmore-wrapper\"><a href=\"https:\/\/www.restaurant-thalesbrest.fr\/index.php\/buffet-cocktail\/\" class=\"more-link\">Read <\/a><\/div>\n","protected":false},"author":1,"featured_media":0,"parent":0,"menu_order":0,"comment_status":"closed","ping_status":"closed","template":"","meta":{"footnotes":""},"class_list":["post-1008","page","type-page","status-publish","hentry"],"_links":{"self":[{"href":"https:\/\/www.restaurant-thalesbrest.fr\/index.php\/wp-json\/wp\/v2\/pages\/1008","targetHints":{"allow":["GET"]}}],"collection":[{"href":"https:\/\/www.restaurant-thalesbrest.fr\/index.php\/wp-json\/wp\/v2\/pages"}],"about":[{"href":"https:\/\/www.restaurant-thalesbrest.fr\/index.php\/wp-json\/wp\/v2\/types\/page"}],"author":[{"embeddable":true,"href":"https:\/\/www.restaurant-thalesbrest.fr\/index.php\/wp-json\/wp\/v2\/users\/1"}],"replies":[{"embeddable":true,"href":"https:\/\/www.restaurant-thalesbrest.fr\/index.php\/wp-json\/wp\/v2\/comments?post=1008"}],"version-history":[{"count":41,"href":"https:\/\/www.restaurant-thalesbrest.fr\/index.php\/wp-json\/wp\/v2\/pages\/1008\/revisions"}],"predecessor-version":[{"id":1241,"href":"https:\/\/www.restaurant-thalesbrest.fr\/index.php\/wp-json\/wp\/v2\/pages\/1008\/revisions\/1241"}],"wp:attachment":[{"href":"https:\/\/www.restaurant-thalesbrest.fr\/index.php\/wp-json\/wp\/v2\/media?parent=1008"}],"curies":[{"name":"wp","href":"https:\/\/api.w.org\/{rel}","templated":true}]}}